{"id":5847,"date":"2023-03-24T14:34:35","date_gmt":"2023-03-24T14:34:35","guid":{"rendered":"https:\/\/gaestehaus-am-kurpark.gaeste-mappe.com\/?page_id=5847"},"modified":"2025-06-08T12:01:03","modified_gmt":"2025-06-08T12:01:03","slug":"folgebuchung","status":"publish","type":"page","link":"https:\/\/hotel-hirsch.gaeste-mappe.de\/en\/folgebuchung\/","title":{"rendered":"Booking"},"content":{"rendered":"<div data-elementor-type=\"wp-page\" data-elementor-id=\"5847\" class=\"elementor elementor-5847\" data-elementor-post-type=\"page\">\n\t\t\t\t\t\t<section class=\"elementor-section elementor-top-section elementor-element elementor-element-443884d5 elementor-section-boxed elementor-section-height-default elementor-section-height-default\" data-id=\"443884d5\" data-element_type=\"section\" data-e-type=\"section\" data-settings=\"{&quot;background_background&quot;:&quot;classic&quot;}\">\n\t\t\t\t\t\t<div class=\"elementor-container elementor-column-gap-default\">\n\t\t\t\t\t<div class=\"elementor-column elementor-col-100 elementor-top-column elementor-element elementor-element-60b55b26\" data-id=\"60b55b26\" data-element_type=\"column\" data-e-type=\"column\">\n\t\t\t<div class=\"elementor-widget-wrap elementor-element-populated\">\n\t\t\t\t\t\t<div class=\"elementor-element elementor-element-69562c60 kopf elementor-icon-list--layout-traditional elementor-list-item-link-full_width elementor-widget elementor-widget-icon-list\" data-id=\"69562c60\" data-element_type=\"widget\" data-e-type=\"widget\" data-widget_type=\"icon-list.default\">\n\t\t\t\t<div class=\"elementor-widget-container\">\n\t\t\t\t\t\t\t<ul class=\"elementor-icon-list-items\">\n\t\t\t\t\t\t\t<li class=\"elementor-icon-list-item\">\n\t\t\t\t\t\t\t\t\t\t\t<span class=\"elementor-icon-list-icon\">\n\t\t\t\t\t\t\t<svg xmlns=\"http:\/\/www.w3.org\/2000\/svg\" id=\"Layer_1\" height=\"512\" viewbox=\"0 0 34 34\" width=\"512\"><g><path d=\"m29.6 2h-3v3c0 .6-.5 1-1 1s-1-.4-1-1v-3h-16v3c0 .6-.5 1-1 1s-1-.4-1-1v-3h-3c-1.5 0-2.6 1.3-2.6 3v3.6h32v-3.6c0-1.7-1.8-3-3.4-3zm-28.6 8.7v18.3c0 1.8 1.1 3 2.7 3h26c1.6 0 3.4-1.3 3.4-3v-18.3zm8.9 16.8h-2.4c-.4 0-.8-.3-.8-.8v-2.5c0-.4.3-.8.8-.8h2.5c.4 0 .8.3.8.8v2.5c-.1.5-.4.8-.9.8zm0-9h-2.4c-.4 0-.8-.3-.8-.8v-2.5c0-.4.3-.8.8-.8h2.5c.4 0 .8.3.8.8v2.5c-.1.5-.4.8-.9.8zm8 9h-2.5c-.4 0-.8-.3-.8-.8v-2.5c0-.4.3-.8.8-.8h2.5c.4 0 .8.3.8.8v2.5c0 .5-.3.8-.8.8zm0-9h-2.5c-.4 0-.8-.3-.8-.8v-2.5c0-.4.3-.8.8-.8h2.5c.4 0 .8.3.8.8v2.5c0 .5-.3.8-.8.8zm8 9h-2.5c-.4 0-.8-.3-.8-.8v-2.5c0-.4.3-.8.8-.8h2.5c.4 0 .8.3.8.8v2.5c0 .5-.3.8-.8.8zm0-9h-2.5c-.4 0-.8-.3-.8-.8v-2.5c0-.4.3-.8.8-.8h2.5c.4 0 .8.3.8.8v2.5c0 .5-.3.8-.8.8z\"><\/path><\/g><\/svg>\t\t\t\t\t\t<\/span>\n\t\t\t\t\t\t\t\t\t\t<span class=\"elementor-icon-list-text\">Booking<\/span>\n\t\t\t\t\t\t\t\t\t<\/li>\n\t\t\t\t\t\t<\/ul>\n\t\t\t\t\t\t<\/div>\n\t\t\t\t<\/div>\n\t\t\t\t\t<\/div>\n\t\t<\/div>\n\t\t\t\t\t<\/div>\n\t\t<\/section>\n\t\t\t\t<section class=\"elementor-section elementor-top-section elementor-element elementor-element-fb8d297 elementor-section-boxed elementor-section-height-default elementor-section-height-default\" data-id=\"fb8d297\" data-element_type=\"section\" data-e-type=\"section\">\n\t\t\t\t\t\t<div class=\"elementor-container elementor-column-gap-default\">\n\t\t\t\t\t<div class=\"elementor-column elementor-col-100 elementor-top-column elementor-element elementor-element-feb5be2\" data-id=\"feb5be2\" data-element_type=\"column\" data-e-type=\"column\">\n\t\t\t<div class=\"elementor-widget-wrap elementor-element-populated\">\n\t\t\t\t\t\t<div class=\"elementor-element elementor-element-d3ba33c elementor-widget elementor-widget-image\" data-id=\"d3ba33c\" data-element_type=\"widget\" data-e-type=\"widget\" data-widget_type=\"image.default\">\n\t\t\t\t<div class=\"elementor-widget-container\">\n\t\t\t\t\t\t\t\t\t\t\t\t\t\t\t<img fetchpriority=\"high\" decoding=\"async\" width=\"1160\" height=\"400\" src=\"https:\/\/hotel-hirsch.gaeste-mappe.de\/wp-content\/uploads\/2025\/06\/folgebuchung.jpg\" class=\"attachment-full size-full wp-image-14030\" alt=\"\" srcset=\"https:\/\/hotel-hirsch.gaeste-mappe.de\/wp-content\/uploads\/2025\/06\/folgebuchung.jpg 1160w, https:\/\/hotel-hirsch.gaeste-mappe.de\/wp-content\/uploads\/2025\/06\/folgebuchung-300x103.jpg 300w, https:\/\/hotel-hirsch.gaeste-mappe.de\/wp-content\/uploads\/2025\/06\/folgebuchung-1024x353.jpg 1024w, https:\/\/hotel-hirsch.gaeste-mappe.de\/wp-content\/uploads\/2025\/06\/folgebuchung-768x265.jpg 768w, https:\/\/hotel-hirsch.gaeste-mappe.de\/wp-content\/uploads\/2025\/06\/folgebuchung-18x6.jpg 18w\" sizes=\"(max-width: 1160px) 100vw, 1160px\" \/>\t\t\t\t\t\t\t\t\t\t\t\t\t\t\t<\/div>\n\t\t\t\t<\/div>\n\t\t\t\t\t<\/div>\n\t\t<\/div>\n\t\t\t\t\t<\/div>\n\t\t<\/section>\n\t\t\t\t<section class=\"elementor-section elementor-top-section elementor-element elementor-element-32d8c31d elementor-section-boxed elementor-section-height-default elementor-section-height-default\" data-id=\"32d8c31d\" data-element_type=\"section\" data-e-type=\"section\">\n\t\t\t\t\t\t<div class=\"elementor-container elementor-column-gap-default\">\n\t\t\t\t\t<div class=\"elementor-column elementor-col-100 elementor-top-column elementor-element elementor-element-8a5ffb9\" data-id=\"8a5ffb9\" data-element_type=\"column\" data-e-type=\"column\">\n\t\t\t<div class=\"elementor-widget-wrap elementor-element-populated\">\n\t\t\t\t\t\t<div class=\"elementor-element elementor-element-b9755d6 elementor-icon-list--layout-traditional elementor-list-item-link-full_width elementor-widget elementor-widget-icon-list\" data-id=\"b9755d6\" data-element_type=\"widget\" data-e-type=\"widget\" data-widget_type=\"icon-list.default\">\n\t\t\t\t<div class=\"elementor-widget-container\">\n\t\t\t\t\t\t\t<ul class=\"elementor-icon-list-items\">\n\t\t\t\t\t\t\t<li class=\"elementor-icon-list-item\">\n\t\t\t\t\t\t\t\t\t\t\t<span class=\"elementor-icon-list-icon\">\n\t\t\t\t\t\t\t<svg xmlns=\"http:\/\/www.w3.org\/2000\/svg\" id=\"Layer_1\" height=\"512\" viewbox=\"0 0 34 34\" width=\"512\"><g><path d=\"m29.6 2h-3v3c0 .6-.5 1-1 1s-1-.4-1-1v-3h-16v3c0 .6-.5 1-1 1s-1-.4-1-1v-3h-3c-1.5 0-2.6 1.3-2.6 3v3.6h32v-3.6c0-1.7-1.8-3-3.4-3zm-28.6 8.7v18.3c0 1.8 1.1 3 2.7 3h26c1.6 0 3.4-1.3 3.4-3v-18.3zm8.9 16.8h-2.4c-.4 0-.8-.3-.8-.8v-2.5c0-.4.3-.8.8-.8h2.5c.4 0 .8.3.8.8v2.5c-.1.5-.4.8-.9.8zm0-9h-2.4c-.4 0-.8-.3-.8-.8v-2.5c0-.4.3-.8.8-.8h2.5c.4 0 .8.3.8.8v2.5c-.1.5-.4.8-.9.8zm8 9h-2.5c-.4 0-.8-.3-.8-.8v-2.5c0-.4.3-.8.8-.8h2.5c.4 0 .8.3.8.8v2.5c0 .5-.3.8-.8.8zm0-9h-2.5c-.4 0-.8-.3-.8-.8v-2.5c0-.4.3-.8.8-.8h2.5c.4 0 .8.3.8.8v2.5c0 .5-.3.8-.8.8zm8 9h-2.5c-.4 0-.8-.3-.8-.8v-2.5c0-.4.3-.8.8-.8h2.5c.4 0 .8.3.8.8v2.5c0 .5-.3.8-.8.8zm0-9h-2.5c-.4 0-.8-.3-.8-.8v-2.5c0-.4.3-.8.8-.8h2.5c.4 0 .8.3.8.8v2.5c0 .5-.3.8-.8.8z\"><\/path><\/g><\/svg>\t\t\t\t\t\t<\/span>\n\t\t\t\t\t\t\t\t\t\t<span class=\"elementor-icon-list-text\">Plan your next stay now<\/span>\n\t\t\t\t\t\t\t\t\t<\/li>\n\t\t\t\t\t\t<\/ul>\n\t\t\t\t\t\t<\/div>\n\t\t\t\t<\/div>\n\t\t\t\t\t<\/div>\n\t\t<\/div>\n\t\t\t\t\t<\/div>\n\t\t<\/section>\n\t\t\t\t<section class=\"elementor-section elementor-top-section elementor-element elementor-element-72a8ebbf elementor-section-boxed elementor-section-height-default elementor-section-height-default\" data-id=\"72a8ebbf\" data-element_type=\"section\" data-e-type=\"section\">\n\t\t\t\t\t\t<div class=\"elementor-container elementor-column-gap-default\">\n\t\t\t\t\t<div class=\"elementor-column elementor-col-100 elementor-top-column elementor-element elementor-element-44fe8f03\" data-id=\"44fe8f03\" data-element_type=\"column\" data-e-type=\"column\">\n\t\t\t<div class=\"elementor-widget-wrap elementor-element-populated\">\n\t\t\t\t\t\t<div class=\"elementor-element elementor-element-45f4026b elementor-widget elementor-widget-text-editor\" data-id=\"45f4026b\" data-element_type=\"widget\" data-e-type=\"widget\" data-widget_type=\"text-editor.default\">\n\t\t\t\t<div class=\"elementor-widget-container\">\n\t\t\t\t\t\t\t\t\t<p data-start=\"154\" data-end=\"477\">Why not start thinking about your next holiday now? Around our hotel in Sinsheim-Hilsbach, you will find numerous opportunities to organise your time out according to your wishes. Whether for a short weekend trip or a longer relaxing holiday - the region offers the right experience for every taste.<\/p><p data-start=\"479\" data-end=\"702\">For example, how about an exciting murder mystery dinner, a visit to the Sinsheim Technology Museum or a relaxing day in the thermal spa and bathing world? Our packages have something for everyone.<\/p><p data-start=\"704\" data-end=\"906\">Whether you are simply planning a cosy overnight stay or a special experience - secure your favourite room now and look forward to your next stay with us.<\/p><p data-start=\"908\" data-end=\"959\">We look forward to welcoming you again soon!<\/p>\t\t\t\t\t\t\t\t<\/div>\n\t\t\t\t<\/div>\n\t\t\t\t\t<\/div>\n\t\t<\/div>\n\t\t\t\t\t<\/div>\n\t\t<\/section>\n\t\t\t\t<section class=\"elementor-section elementor-top-section elementor-element elementor-element-e9997e1 elementor-section-boxed elementor-section-height-default elementor-section-height-default\" data-id=\"e9997e1\" data-element_type=\"section\" data-e-type=\"section\">\n\t\t\t\t\t\t<div class=\"elementor-container elementor-column-gap-default\">\n\t\t\t\t\t<div class=\"elementor-column elementor-col-100 elementor-top-column elementor-element elementor-element-dbe1fcb\" data-id=\"dbe1fcb\" data-element_type=\"column\" data-e-type=\"column\">\n\t\t\t<div class=\"elementor-widget-wrap elementor-element-populated\">\n\t\t\t\t\t\t<div class=\"elementor-element elementor-element-e95bc6c elementor-mobile-align-justify elementor-widget elementor-widget-button\" data-id=\"e95bc6c\" data-element_type=\"widget\" data-e-type=\"widget\" data-widget_type=\"button.default\">\n\t\t\t\t<div class=\"elementor-widget-container\">\n\t\t\t\t\t\t\t\t\t<div class=\"elementor-button-wrapper\">\n\t\t\t\t\t<a class=\"elementor-button elementor-button-link elementor-size-sm\" href=\"https:\/\/www.hirsch-snh.com\/buchung.html\" target=\"_blank\" rel=\"noopener\">\n\t\t\t\t\t\t<span class=\"elementor-button-content-wrapper\">\n\t\t\t\t\t\t\t\t\t<span class=\"elementor-button-text\">To the booking form<\/span>\n\t\t\t\t\t<\/span>\n\t\t\t\t\t<\/a>\n\t\t\t\t<\/div>\n\t\t\t\t\t\t\t\t<\/div>\n\t\t\t\t<\/div>\n\t\t\t\t\t<\/div>\n\t\t<\/div>\n\t\t\t\t\t<\/div>\n\t\t<\/section>\n\t\t\t\t<\/div>","protected":false},"excerpt":{"rendered":"<p>Folgebuchung Jetzt den n\u00e4chsten Aufenthalt planen Warum nicht jetzt schon an den n\u00e4chsten Aufenthalt denken? Rund um unser Hotel in Sinsheim-Hilsbach erwarten Sie zahlreiche M\u00f6glichkeiten, Ihre Auszeit ganz nach Ihren W\u00fcnschen zu gestalten. Ob f\u00fcr einen kurzen Wochenendtrip oder einen l\u00e4ngeren Erholungsurlaub \u2013 die Region bietet f\u00fcr jeden Geschmack das passende Erlebnis. Wie w\u00e4re es [&hellip;]<\/p>\n","protected":false},"author":2,"featured_media":0,"parent":0,"menu_order":0,"comment_status":"closed","ping_status":"closed","template":"","meta":{"site-sidebar-layout":"no-sidebar","site-content-layout":"page-builder","ast-site-content-layout":"default","site-content-style":"default","site-sidebar-style":"default","ast-global-header-display":"","ast-banner-title-visibility":"","ast-main-header-display":"","ast-hfb-above-header-display":"","ast-hfb-below-header-display":"","ast-hfb-mobile-header-display":"","site-post-title":"disabled","ast-breadcrumbs-content":"","ast-featured-img":"disabled","footer-sml-layout":"","ast-disable-related-posts":"","theme-transparent-header-meta":"","adv-header-id-meta":"","stick-header-meta":"","header-above-stick-meta":"","header-main-stick-meta":"","header-below-stick-meta":"","astra-migrate-meta-layouts":"default","ast-page-background-enabled":"default","ast-page-background-meta":{"desktop":{"background-color":"var(--ast-global-color-4)","background-image":"","background-repeat":"repeat","background-position":"center center","background-size":"auto","background-attachment":"scroll","background-type":"","background-media":"","overlay-type":"","overlay-color":"","overlay-opacity":"","overlay-gradient":""},"tablet":{"background-color":"","background-image":"","background-repeat":"repeat","background-position":"center center","background-size":"auto","background-attachment":"scroll","background-type":"","background-media":"","overlay-type":"","overlay-color":"","overlay-opacity":"","overlay-gradient":""},"mobile":{"background-color":"","background-image":"","background-repeat":"repeat","background-position":"center center","background-size":"auto","background-attachment":"scroll","background-type":"","background-media":"","overlay-type":"","overlay-color":"","overlay-opacity":"","overlay-gradient":""}},"ast-content-background-meta":{"desktop":{"background-color":"var(--ast-global-color-5)","background-image":"","background-repeat":"repeat","background-position":"center center","background-size":"auto","background-attachment":"scroll","background-type":"","background-media":"","overlay-type":"","overlay-color":"","overlay-opacity":"","overlay-gradient":""},"tablet":{"background-color":"var(--ast-global-color-5)","background-image":"","background-repeat":"repeat","background-position":"center center","background-size":"auto","background-attachment":"scroll","background-type":"","background-media":"","overlay-type":"","overlay-color":"","overlay-opacity":"","overlay-gradient":""},"mobile":{"background-color":"var(--ast-global-color-5)","background-image":"","background-repeat":"repeat","background-position":"center center","background-size":"auto","background-attachment":"scroll","background-type":"","background-media":"","overlay-type":"","overlay-color":"","overlay-opacity":"","overlay-gradient":""}},"footnotes":""},"class_list":["post-5847","page","type-page","status-publish","hentry"],"_links":{"self":[{"href":"https:\/\/hotel-hirsch.gaeste-mappe.de\/en\/wp-json\/wp\/v2\/pages\/5847","targetHints":{"allow":["GET"]}}],"collection":[{"href":"https:\/\/hotel-hirsch.gaeste-mappe.de\/en\/wp-json\/wp\/v2\/pages"}],"about":[{"href":"https:\/\/hotel-hirsch.gaeste-mappe.de\/en\/wp-json\/wp\/v2\/types\/page"}],"author":[{"embeddable":true,"href":"https:\/\/hotel-hirsch.gaeste-mappe.de\/en\/wp-json\/wp\/v2\/users\/2"}],"replies":[{"embeddable":true,"href":"https:\/\/hotel-hirsch.gaeste-mappe.de\/en\/wp-json\/wp\/v2\/comments?post=5847"}],"version-history":[{"count":100,"href":"https:\/\/hotel-hirsch.gaeste-mappe.de\/en\/wp-json\/wp\/v2\/pages\/5847\/revisions"}],"predecessor-version":[{"id":14036,"href":"https:\/\/hotel-hirsch.gaeste-mappe.de\/en\/wp-json\/wp\/v2\/pages\/5847\/revisions\/14036"}],"wp:attachment":[{"href":"https:\/\/hotel-hirsch.gaeste-mappe.de\/en\/wp-json\/wp\/v2\/media?parent=5847"}],"curies":[{"name":"wp","href":"https:\/\/api.w.org\/{rel}","templated":true}]}}