{"id":5843,"date":"2023-03-24T14:33:01","date_gmt":"2023-03-24T14:33:01","guid":{"rendered":"https:\/\/gaestehaus-am-kurpark.gaeste-mappe.com\/?page_id=5843"},"modified":"2025-06-18T13:09:29","modified_gmt":"2025-06-18T13:09:29","slug":"tagungen","status":"publish","type":"page","link":"https:\/\/hotel-hirsch.gaeste-mappe.de\/en\/tagungen\/","title":{"rendered":"Conferences"},"content":{"rendered":"<div data-elementor-type=\"wp-page\" data-elementor-id=\"5843\" class=\"elementor elementor-5843\" data-elementor-post-type=\"page\">\n\t\t\t\t\t\t<section class=\"elementor-section elementor-top-section elementor-element elementor-element-443884d5 elementor-section-boxed elementor-section-height-default elementor-section-height-default\" data-id=\"443884d5\" data-element_type=\"section\" data-e-type=\"section\" data-settings=\"{&quot;background_background&quot;:&quot;classic&quot;}\">\n\t\t\t\t\t\t<div class=\"elementor-container elementor-column-gap-default\">\n\t\t\t\t\t<div class=\"elementor-column elementor-col-100 elementor-top-column elementor-element elementor-element-60b55b26\" data-id=\"60b55b26\" data-element_type=\"column\" data-e-type=\"column\">\n\t\t\t<div class=\"elementor-widget-wrap elementor-element-populated\">\n\t\t\t\t\t\t<div class=\"elementor-element elementor-element-69562c60 kopf elementor-icon-list--layout-traditional elementor-list-item-link-full_width elementor-widget elementor-widget-icon-list\" data-id=\"69562c60\" data-element_type=\"widget\" data-e-type=\"widget\" data-widget_type=\"icon-list.default\">\n\t\t\t\t<div class=\"elementor-widget-container\">\n\t\t\t\t\t\t\t<ul class=\"elementor-icon-list-items\">\n\t\t\t\t\t\t\t<li class=\"elementor-icon-list-item\">\n\t\t\t\t\t\t\t\t\t\t\t<span class=\"elementor-icon-list-icon\">\n\t\t\t\t\t\t\t<svg xmlns=\"http:\/\/www.w3.org\/2000\/svg\" clip-rule=\"evenodd\" fill-rule=\"evenodd\" height=\"512\" image-rendering=\"optimizeQuality\" shape-rendering=\"geometricPrecision\" text-rendering=\"geometricPrecision\" viewbox=\"0 0 1707 1707\" width=\"512\"><g id=\"Layer_x0020_1\"><path d=\"m1375 307v616h-1043v-616zm-94 1211c8 8 21 8 28 0 8-8 8-21 0-29l-407-407h559c30 0 55-25 55-55v-9c0-30-24-55-55-55h-1216c-30 0-55 25-55 55v9c0 30 25 55 55 55h560l-408 407c-8 8-8 21 0 29s21 8 28 0l408-408v577c0 11 9 20 20 20s20-9 20-20v-577zm-428-1518c70 0 126 57 126 126v22h482c31 0 55 25 55 55v9c0 30-25 55-55 55h-1216c-30 0-55-25-55-55v-9c0-30 25-55 55-55h482v-22c0-69 57-126 126-126zm0 40c-47 0-86 39-86 86v22h172v-22c0-47-38-86-86-86zm-57 428-172 298 46 26 172-297zm-222 402c-2 12 8 22 20 22h519c11 0 20-8 20-20 0-11-9-20-20-20h-450l25-15c4-2 6-5 8-9l190-330s1 0 1-1l1-1 43-75c1-1 1-2 2-3 3-7 4-16 2-23-3-8-8-16-16-21l-57-32c-1-1-2-1-2-2-8-3-16-4-23-2-9 3-16 8-21 16-79 136-157 273-236 409-2 3-3 7-3 11zm42-63-1 29 24-16zm278-401-46-27-32 55 46 26z\" fill-rule=\"nonzero\"><\/path><\/g><\/svg>\t\t\t\t\t\t<\/span>\n\t\t\t\t\t\t\t\t\t\t<span class=\"elementor-icon-list-text\">Conferences<\/span>\n\t\t\t\t\t\t\t\t\t<\/li>\n\t\t\t\t\t\t<\/ul>\n\t\t\t\t\t\t<\/div>\n\t\t\t\t<\/div>\n\t\t\t\t\t<\/div>\n\t\t<\/div>\n\t\t\t\t\t<\/div>\n\t\t<\/section>\n\t\t\t\t<section class=\"elementor-section elementor-top-section elementor-element elementor-element-69f27081 elementor-section-boxed elementor-section-height-default elementor-section-height-default\" data-id=\"69f27081\" data-element_type=\"section\" data-e-type=\"section\">\n\t\t\t\t\t\t<div class=\"elementor-container elementor-column-gap-default\">\n\t\t\t\t\t<div class=\"elementor-column elementor-col-100 elementor-top-column elementor-element elementor-element-5d26c780\" data-id=\"5d26c780\" data-element_type=\"column\" data-e-type=\"column\">\n\t\t\t<div class=\"elementor-widget-wrap elementor-element-populated\">\n\t\t\t\t\t\t<div class=\"elementor-element elementor-element-241153cc elementor-icon-list--layout-traditional elementor-list-item-link-full_width elementor-widget elementor-widget-icon-list\" data-id=\"241153cc\" data-element_type=\"widget\" data-e-type=\"widget\" data-widget_type=\"icon-list.default\">\n\t\t\t\t<div class=\"elementor-widget-container\">\n\t\t\t\t\t\t\t<ul class=\"elementor-icon-list-items\">\n\t\t\t\t\t\t\t<li class=\"elementor-icon-list-item\">\n\t\t\t\t\t\t\t\t\t\t\t<span class=\"elementor-icon-list-icon\">\n\t\t\t\t\t\t\t<svg xmlns=\"http:\/\/www.w3.org\/2000\/svg\" id=\"Layer_1\" viewbox=\"0 0 512 512\"><path d=\"m367.67 37.75h-221.58c-2.81 0-5.33 1.13-7.17 2.98-1.84 1.84-3 4.39-3 7.17s1.16 5.33 3 7.17 4.37 3 7.17 3h3.71 214.16 3.71c2.78 0 5.33-1.16 7.17-3s3-4.39 3-7.17-1.16-5.33-3-7.17-4.39-2.98-7.17-2.98zm-121.63 107.63c-2.58.85-5.13 1.84-7.63 2.98-2.07.96-4.08 2.04-6.04 3.17.57 5.3 1.98 13.69 5.41 21.23 3.83 8.36 10.32 15.7 21.32 15.7 5.3 0 10.32-2.55 14.57-6.92l.03-.03c1.53-1.59 2.98-3.4 4.28-5.41 5.02-7.68 8.25-18.17 8.7-29.91-2.38-.34-4.79-.43-7.2-.23-12.21 4.16-23.38 3.96-33.44-.58zm1.02-27.66c1.3 2.72 2.3 5.56 3.03 8.48.88 3.49 1.36 7.06 1.42 10.69 7.46 2.92 15.85 2.75 25.17-.45.4-.17.82-.26 1.28-.31 5.41-.57 10.83-.03 15.9 1.5 1.36.4 2.66.88 3.97 1.42-3.34-13.58-8.73-22.28-16.19-26.14-8.36-4.32-19.87-2.7-34.58 4.81zm-9.44 3.46c-5.41 1.19-8.08 3.8-8.96 7.2-.91 3.6-.34 8.19 1.05 13.21 1.5-.82 3-1.56 4.54-2.27 2.35-1.11 4.79-2.07 7.26-2.92-.09-2.64-.45-5.24-1.08-7.8-.66-2.55-1.59-5.04-2.81-7.42zm-28.43 125.97h20.52v-19.19c0-2.75 2.24-4.99 4.99-4.99 2.78 0 5.02 2.24 5.02 4.99v19.19h34.33v-19.19c0-2.75 2.24-4.99 5.02-4.99 2.75 0 4.99 2.24 4.99 4.99v19.19h20.52v-21.83c0-2.69-.31-5.33-.88-7.85-.03-.14-.06-.28-.09-.43-1.25-5.33-3.69-10.23-7-14.37-4.54-5.67-10.77-9.98-17.89-12.16-5.7 5.07-12.39 7.97-19.62 7.97-9.33 0-16.33-3.46-21.6-8.59-7.71 1.73-14.54 5.98-19.53 11.79-3.74 4.39-6.49 9.64-7.85 15.45 0 .09-.03.17-.06.28-.57 2.55-.88 5.19-.88 7.91v21.83zm-62.39 99.24c-.2 0-.37-.03-.57-.03l-16.41-.43-11.45-30.27 9.35-3.51 9.07 24.01 9.69.23h.31 47.23c.14 0 .31 0 .48.03 1.98 0 3.57-.62 4.73-1.59 1.42-1.22 2.32-3.06 2.69-5.19.17-1.05.11-2.01-.11-2.92-.26-.91-.71-1.76-1.36-2.55s-1.45-1.42-2.27-1.81c-.85-.43-1.79-.62-2.81-.65l-40.28-.74c-1.9-.03-3.54-1.13-4.37-2.72l-2.64-5.16c-.06-.14-.14-.28-.2-.43l-6.92-13.63c-.09-.17-.17-.31-.23-.48-2.35-6.26-5.98-10.57-9.92-13.46-5.36-3.94-11.23-5.3-15.31-5.3h-10c-9.55 0-18.26 3.91-24.55 10.2s-10.2 14.97-10.2 24.52v53.92c0 4.76 1.93 9.04 5.05 12.16s7.43 5.05 12.16 5.05h49.66l.85-11.88h-15.57c-3.91 0-7.74-1.25-10.89-3.46-3.09-2.21-5.53-5.3-6.89-9.1l-12.93-36.4 9.41-3.32 12.93 36.4c.65 1.81 1.79 3.26 3.23 4.28 1.47 1.05 3.29 1.64 5.13 1.64h20.72.23 47.06c2.44 0 4.68-.99 6.26-2.61 1.62-1.62 2.61-3.83 2.61-6.26 0-2.1-.71-4.03-1.93-5.53-1.11-1.42-2.66-2.49-4.42-3h-46.62zm-11.03-123.17c-2.72-.43-5.5-.54-8.28-.31-6.8 2.32-13.32 3.37-19.56 3.17-5.81-.2-11.34-1.47-16.55-3.85-2.89.94-5.7 2.04-8.48 3.32-2.32 1.08-4.59 2.27-6.8 3.6.77 7.4 3.09 20.81 9.89 30.27 4.25 5.95 10.49 10.35 19.5 10.35 7.94 0 15.31-5.19 20.81-13.61 5.5-8.44 9.04-20.01 9.47-32.94zm-48.93-9.97c-.06-2.98-.45-5.95-1.19-8.82-.74-2.92-1.81-5.75-3.2-8.45-6.26 1.3-9.33 4.28-10.35 8.19-1.02 4.08-.31 9.33 1.3 15 1.73-.96 3.51-1.84 5.33-2.69 2.64-1.22 5.36-2.3 8.11-3.23zm347.7-13.55c-1.05-4.17-4.34-7.34-11.06-8.7-1.47 2.86-2.61 5.87-3.4 8.96-.77 3.06-1.19 6.18-1.25 9.35 2.92.99 5.78 2.13 8.56 3.4 1.96.91 3.86 1.9 5.75 2.92 1.74-6.01 2.51-11.6 1.4-15.93zm-89.26 11.45c3-12.95 7.57-22.9 13.66-29.88v-113.21h-204.12v136.23c.77 2.18 1.47 4.45 2.13 6.86h44.48c1.93-5.92 5.02-11.31 8.99-15.93 5.41-6.35 12.53-11.2 20.61-13.89-.82-1.45-1.59-2.92-2.27-4.42-4.42-9.64-5.95-20.24-6.46-25.97-.03-.06-.06-.11-.09-.17-3.2-8.84-5.05-17.6-3.23-24.8 2.01-7.88 7.8-13.55 19.73-15.08 19.53-10.86 35.35-13.12 47.54-6.86 12.27 6.35 20.13 21.09 23.56 44.28.4 2.72-1.5 5.24-4.22 5.67-1.56.23-3.06-.31-4.14-1.3-1.53-1.25-3.2-2.32-4.93-3.23-.91 12.42-4.62 23.61-10.15 32.09-.2.31-.4.62-.62.94 7.34 3 13.78 7.88 18.68 14 3.46 4.34 6.18 9.3 7.91 14.68h32.94zm69.05 7.17c-5.44 2.47-11.2 3.83-17.23 4-6.46.23-13.21-.88-20.3-3.26-2.98-.28-5.95-.14-8.84.34.4 13.55 4.11 25.68 9.89 34.53 5.73 8.79 13.44 14.23 21.8 14.23 9.47 0 15.96-4.59 20.44-10.86 7.14-9.92 9.55-23.98 10.35-31.69-2.35-1.42-4.76-2.69-7.23-3.83-2.9-1.33-5.87-2.5-8.88-3.46zm-.28-30.76c-17.01-8.84-30.36-10.74-40.08-5.73-2.21 1.13-4.28 2.66-6.18 4.56-.17.2-.34.37-.57.57-5.33 5.61-9.35 14.26-12.1 25.94 1.13-.48 2.27-.96 3.43-1.36.2-.08.4-.17.62-.23.48-.17.99-.31 1.5-.48 5.67-1.7 11.68-2.3 17.69-1.67.45.06.88.17 1.28.31 6.07 2.1 11.79 3.06 17.15 2.89 4.22-.14 8.25-.99 12.08-2.52 0-4.2.54-8.31 1.53-12.33.87-3.43 2.09-6.77 3.65-9.95zm-153.44 210.7c-3.26.57-6.8.6-10.6 0h-5.39c-10.94 0-20.86 4.48-28.06 11.68-7.23 7.2-11.68 17.15-11.68 28.06v14.29 25.46h22.9v-29.45c0-2.75 2.24-4.99 4.99-4.99s4.99 2.24 4.99 4.99v29.45h38.21v-29.45c0-2.75 2.24-4.99 5.02-4.99 2.75 0 4.99 2.24 4.99 4.99v29.45h22.9v-25.46-14.29c0-10.91-4.48-20.86-11.68-28.06s-17.12-11.68-28.06-11.68zm30.39-27.61c-3.03 6.35-7.26 13.15-12.84 18.43 10.09 1.87 19.13 6.8 26.14 13.8 9.01 9.01 14.6 21.43 14.6 35.12v9.27h46.06l-2.32-40.82c-2.41-.34-4.28-2.38-4.34-4.88l-1.42-19.28h-47.48c-5.61 0-10.71-2.3-14.4-5.98-1.65-1.63-3.01-3.53-4-5.66zm4.28-39.2c-.2-3.91-2.55-7.37-8.33-9.84-1.81 2.3-3.4 4.82-4.65 7.46-1.28 2.61-2.21 5.36-2.86 8.22 2.47 1.45 4.88 3 7.17 4.71 1.56 1.13 3.06 2.32 4.54 3.57.51-.99.99-1.96 1.42-2.92.06-.17.14-.34.23-.51 1.65-3.86 2.62-7.51 2.48-10.69zm8.67-6.8c.77 1.98 1.16 4.11 1.28 6.35.17 3.46-.45 7.09-1.67 10.8.6.11 1.22.17 1.9.17.17-.03.34-.03.51-.03h52.3c.09 0 .2 0 .28.03l11.17-.28 10.18-26.93 9.33 3.51-12.53 33.19-17.89.45c-.17.03-.37.03-.54.03h-51.73c-2.1.6-3.94 1.84-5.24 3.51-1.42 1.79-2.27 4.03-2.27 6.46 0 2.86 1.16 5.47 3.06 7.34 1.87 1.87 4.45 3.03 7.31 3.03h52.13.23 22.96c2.15 0 4.25-.68 6.01-1.93 1.64-1.16 3-2.89 3.74-4.99l14.31-40.31 9.41 3.32-14.31 40.31c-1.45 4.08-4.08 7.46-7.43 9.81-3.4 2.41-7.51 3.74-11.74 3.74h-17.83l1.05 14.23h55.5c5.39 0 10.29-2.18 13.83-5.73 3.54-3.57 5.75-8.48 5.75-13.86v-59.73c0-10.71-4.39-20.47-11.48-27.52-7.06-7.09-16.81-11.48-27.52-11.48h-4.37-6.77c-4.59 0-11.23 1.53-17.26 5.98-4.14 3.03-7.97 7.48-10.63 13.78-.06.14-.11.26-.17.4-.14.31-.26.65-.4.99-.06.14-.11.31-.2.48l-10.8 21.29h-.03c-.79 1.59-2.44 2.69-4.37 2.72l-44.59.82c-.16.02-.3.02-.47.05zm-92.75-1.36c7.74-16.16 17.32-25.88 28.8-29.14 13.95-3.94 29.91 1.79 47.93 17.18 3.88 1.3 7 2.92 9.47 4.79.4-.17.79-.34 1.22-.48 1.79-.62 3.66-.94 5.64-.99l41.58-.74 9.35-18.4.03-.08-2.69-38.27h-42.97-30.5-44.36-30.5-42.97l-3.69 52.44.74 1.47 37.25.68c2.52.03 4.88.6 6.97 1.62 2.13 1.02 4 2.49 5.61 4.42 1.42 1.7 2.44 3.54 3.09 5.5zm8.76 15.39c-2.3.62-4.54 1.53-6.69 2.66-1.19.62-2.64.79-4.03.28-.65-.23-1.22-.6-1.7-1.05-.57.65-1.16 1.25-1.81 1.81-.14.11-.28.23-.43.34.11.14.26.28.37.43 2.58 3.23 4.11 7.31 4.11 11.76 0 5.22-2.13 9.92-5.53 13.35-3.43 3.4-8.14 5.53-13.35 5.53h-37.9l-4.2 73.47h46.06v-9.27c0-13.69 5.58-26.11 14.6-35.12 6.43-6.43 14.6-11.11 23.7-13.27-3.94-3.94-7.11-9.01-9.47-14.88-4.01-10.1-5.49-22.75-3.73-36.04zm53.26 6.55c-5.5 1.28-11.08 1.42-16.75.45-6.07-1.02-12.16-3.29-18.28-6.86-2.64-.77-5.3-1.22-7.97-1.33-2.1 12.53-.94 24.35 2.75 33.56 3.63 9.16 9.72 15.62 17.38 17.15.11.03.26.06.4.08.28.03.54.08.79.14 8.11 1.25 14.54-1.73 19.59-6.41 8.39-7.8 13.24-20.21 15.42-27.24-1.84-1.67-3.8-3.26-5.84-4.76-2.41-1.72-4.91-3.34-7.49-4.78zm5.22-28.86c-14-11.2-25.91-15.39-35.74-12.61-8.82 2.52-16.47 10.74-22.93 24.72 1.67-.37 3.37-.62 5.07-.79 5.64-.51 11.37.06 16.84 1.76.43.14.79.31 1.16.54 5.22 3.09 10.32 5.05 15.28 5.87 3.86.65 7.68.65 11.42-.06.82-3.8 2.07-7.51 3.77-11 1.39-2.99 3.12-5.79 5.13-8.43zm-133.12-109.05c-.14-.31-.28-.62-.37-.96-3.6-9.55-8.56-15.96-14.85-19.22-9.24-4.76-22-2.98-38.21 5.41 1.47 3.03 2.64 6.18 3.46 9.44.96 3.83 1.47 7.77 1.5 11.76 3.6 1.45 7.43 2.24 11.4 2.35 5.13.17 10.6-.74 16.41-2.75.4-.14.82-.26 1.28-.31 5.81-.6 11.62-.03 17.09 1.62 1.7.51 3.37 1.13 4.99 1.84-.8-3.31-1.7-6.37-2.7-9.18z\"><\/path><\/svg>\t\t\t\t\t\t<\/span>\n\t\t\t\t\t\t\t\t\t\t<span class=\"elementor-icon-list-text\">Meetings at the Hotel Hirsch<\/span>\n\t\t\t\t\t\t\t\t\t<\/li>\n\t\t\t\t\t\t<\/ul>\n\t\t\t\t\t\t<\/div>\n\t\t\t\t<\/div>\n\t\t\t\t\t<\/div>\n\t\t<\/div>\n\t\t\t\t\t<\/div>\n\t\t<\/section>\n\t\t\t\t<section class=\"elementor-section elementor-top-section elementor-element elementor-element-7d538618 elementor-section-boxed elementor-section-height-default elementor-section-height-default\" data-id=\"7d538618\" data-element_type=\"section\" data-e-type=\"section\">\n\t\t\t\t\t\t<div class=\"elementor-container elementor-column-gap-default\">\n\t\t\t\t\t<div class=\"elementor-column elementor-col-50 elementor-top-column elementor-element elementor-element-3cf2d98b\" data-id=\"3cf2d98b\" data-element_type=\"column\" data-e-type=\"column\">\n\t\t\t<div class=\"elementor-widget-wrap elementor-element-populated\">\n\t\t\t\t\t\t<div class=\"elementor-element elementor-element-8c2cd5f elementor-widget__width-initial elementor-widget elementor-widget-image\" data-id=\"8c2cd5f\" data-element_type=\"widget\" data-e-type=\"widget\" data-widget_type=\"image.default\">\n\t\t\t\t<div class=\"elementor-widget-container\">\n\t\t\t\t\t\t\t\t\t\t\t\t\t\t\t<img fetchpriority=\"high\" decoding=\"async\" width=\"687\" height=\"894\" src=\"https:\/\/hotel-hirsch.gaeste-mappe.de\/wp-content\/uploads\/2025\/06\/tagungen-hotel-hirsch.jpg\" class=\"attachment-large size-large wp-image-14179\" alt=\"\" srcset=\"https:\/\/hotel-hirsch.gaeste-mappe.de\/wp-content\/uploads\/2025\/06\/tagungen-hotel-hirsch.jpg 687w, https:\/\/hotel-hirsch.gaeste-mappe.de\/wp-content\/uploads\/2025\/06\/tagungen-hotel-hirsch-231x300.jpg 231w, https:\/\/hotel-hirsch.gaeste-mappe.de\/wp-content\/uploads\/2025\/06\/tagungen-hotel-hirsch-9x12.jpg 9w\" sizes=\"(max-width: 687px) 100vw, 687px\" \/>\t\t\t\t\t\t\t\t\t\t\t\t\t\t\t<\/div>\n\t\t\t\t<\/div>\n\t\t\t\t\t<\/div>\n\t\t<\/div>\n\t\t\t\t<div class=\"elementor-column elementor-col-50 elementor-top-column elementor-element elementor-element-66a858e\" data-id=\"66a858e\" data-element_type=\"column\" data-e-type=\"column\">\n\t\t\t<div class=\"elementor-widget-wrap elementor-element-populated\">\n\t\t\t\t\t\t<div class=\"elementor-element elementor-element-5f4621d elementor-widget elementor-widget-text-editor\" data-id=\"5f4621d\" data-element_type=\"widget\" data-e-type=\"widget\" data-widget_type=\"text-editor.default\">\n\t\t\t\t<div class=\"elementor-widget-container\">\n\t\t\t\t\t\t\t\t\t<p>Whether it's a conference, seminar or workshop - you'll find the right setting for your event with us.<br data-start=\"286\" data-end=\"289\" \/>We support you from planning to implementation and ensure that you can concentrate fully on your content.<\/p><p><strong data-start=\"421\" data-end=\"442\">Our conference room<\/strong><br data-start=\"442\" data-end=\"445\" \/>Our modern conference room offers space for up to 25 people and is equipped with everything you need for a successful event:<br \/><span style=\"font-style: inherit; font-weight: inherit;\"><br \/>- Flipchart<br \/><\/span><span style=\"font-style: inherit; font-weight: inherit;\">- Pinboard<br \/><\/span><span style=\"font-style: inherit; font-weight: inherit;\">- Canvas<br \/><\/span><span style=\"font-style: inherit; font-weight: inherit;\">- Moderator case<\/span><\/p><p data-start=\"707\" data-end=\"792\">If required, we will be happy to provide you with an additional projector.<\/p><p data-start=\"794\" data-end=\"910\"><strong data-start=\"794\" data-end=\"820\">Flexible conference packages<\/strong><br data-start=\"820\" data-end=\"823\" \/>We offer conference packages that can be individually combined to suit your needs:<\/p><ul data-start=\"911\" data-end=\"1531\"><li data-start=\"911\" data-end=\"1111\"><p data-start=\"913\" data-end=\"1111\"><strong data-start=\"913\" data-end=\"947\">Conference package without overnight stay<\/strong><br data-start=\"947\" data-end=\"950\" \/>Ideal for one-day events. Including standard technology, all-day coffee specialities, a multi-course lunch and a coffee break in the afternoon.<\/p><\/li><li data-start=\"1113\" data-end=\"1381\"><p data-start=\"1115\" data-end=\"1381\"><strong data-start=\"1115\" data-end=\"1148\">Conference package with overnight stay<\/strong><br data-start=\"1148\" data-end=\"1151\" \/>Perfect for events lasting several days or guests travelling further afield. In addition to the conference equipment and catering services, you can enjoy a comfortable overnight stay in our hotel with a rich breakfast buffet.<\/p><\/li><li data-start=\"1383\" data-end=\"1531\"><p data-start=\"1385\" data-end=\"1531\"><strong data-start=\"1385\" data-end=\"1398\">Optional:<\/strong> On request, we can extend your package to include additional refreshments during breaks, such as savoury snacks or sweet treats for in between.<\/p><\/li><\/ul><p data-start=\"1952\" data-end=\"2054\">\ud83d\udc49 We would be happy to provide you with a customised quote.<\/p>\t\t\t\t\t\t\t\t<\/div>\n\t\t\t\t<\/div>\n\t\t\t\t\t<\/div>\n\t\t<\/div>\n\t\t\t\t\t<\/div>\n\t\t<\/section>\n\t\t\t\t<section class=\"elementor-section elementor-top-section elementor-element elementor-element-5895985e elementor-section-boxed elementor-section-height-default elementor-section-height-default\" data-id=\"5895985e\" data-element_type=\"section\" data-e-type=\"section\">\n\t\t\t\t\t\t<div class=\"elementor-container elementor-column-gap-default\">\n\t\t\t\t\t<div class=\"elementor-column elementor-col-100 elementor-top-column elementor-element elementor-element-e69954d\" data-id=\"e69954d\" data-element_type=\"column\" data-e-type=\"column\">\n\t\t\t<div class=\"elementor-widget-wrap elementor-element-populated\">\n\t\t\t\t\t\t<div class=\"elementor-element elementor-element-4623f9f3 elementor-icon-list--layout-traditional elementor-list-item-link-full_width elementor-widget elementor-widget-icon-list\" data-id=\"4623f9f3\" data-element_type=\"widget\" data-e-type=\"widget\" data-widget_type=\"icon-list.default\">\n\t\t\t\t<div class=\"elementor-widget-container\">\n\t\t\t\t\t\t\t<ul class=\"elementor-icon-list-items\">\n\t\t\t\t\t\t\t<li class=\"elementor-icon-list-item\">\n\t\t\t\t\t\t\t\t\t\t\t<span class=\"elementor-icon-list-icon\">\n\t\t\t\t\t\t\t<i aria-hidden=\"true\" class=\"fas fa-user-friends\"><\/i>\t\t\t\t\t\t<\/span>\n\t\t\t\t\t\t\t\t\t\t<span class=\"elementor-icon-list-text\">All-round service for our conference guests<\/span>\n\t\t\t\t\t\t\t\t\t<\/li>\n\t\t\t\t\t\t<\/ul>\n\t\t\t\t\t\t<\/div>\n\t\t\t\t<\/div>\n\t\t\t\t\t<\/div>\n\t\t<\/div>\n\t\t\t\t\t<\/div>\n\t\t<\/section>\n\t\t\t\t<section class=\"elementor-section elementor-top-section elementor-element elementor-element-51f6ef93 elementor-section-boxed elementor-section-height-default elementor-section-height-default\" data-id=\"51f6ef93\" data-element_type=\"section\" data-e-type=\"section\">\n\t\t\t\t\t\t<div class=\"elementor-container elementor-column-gap-default\">\n\t\t\t\t\t<div class=\"elementor-column elementor-col-100 elementor-top-column elementor-element elementor-element-53331e91\" data-id=\"53331e91\" data-element_type=\"column\" data-e-type=\"column\">\n\t\t\t<div class=\"elementor-widget-wrap elementor-element-populated\">\n\t\t\t\t\t\t<div class=\"elementor-element elementor-element-21efd68b elementor-widget elementor-widget-text-editor\" data-id=\"21efd68b\" data-element_type=\"widget\" data-e-type=\"widget\" data-widget_type=\"text-editor.default\">\n\t\t\t\t<div class=\"elementor-widget-container\">\n\t\t\t\t\t\t\t\t\t<p>If you have already booked a conference room with us, we will of course be at your disposal throughout your event.<br \/><br \/>Do you spontaneously need material, additional drinks or support with the organisation? Our team is always there for you and will ensure that you and your participants have everything you need.<\/p>\t\t\t\t\t\t\t\t<\/div>\n\t\t\t\t<\/div>\n\t\t\t\t\t<\/div>\n\t\t<\/div>\n\t\t\t\t\t<\/div>\n\t\t<\/section>\n\t\t\t\t<\/div>","protected":false},"excerpt":{"rendered":"<p>Tagungen Tagen im Hotel Hirsch Ob Tagung, Seminar oder Workshop \u2013 bei uns finden Sie den passenden Rahmen f\u00fcr Ihre Veranstaltung.Wir unterst\u00fctzen Sie von der Planung bis zur Umsetzung und sorgen daf\u00fcr, dass Sie sich ganz auf Ihre Inhalte konzentrieren k\u00f6nnen. Unser TagungsraumUnser modern ausgestatteter Tagungsraum bietet Platz f\u00fcr bis zu 25 Personen und ist [&hellip;]<\/p>\n","protected":false},"author":2,"featured_media":0,"parent":0,"menu_order":0,"comment_status":"closed","ping_status":"closed","template":"","meta":{"site-sidebar-layout":"no-sidebar","site-content-layout":"page-builder","ast-site-content-layout":"default","site-content-style":"default","site-sidebar-style":"default","ast-global-header-display":"","ast-banner-title-visibility":"","ast-main-header-display":"","ast-hfb-above-header-display":"","ast-hfb-below-header-display":"","ast-hfb-mobile-header-display":"","site-post-title":"disabled","ast-breadcrumbs-content":"","ast-featured-img":"disabled","footer-sml-layout":"","ast-disable-related-posts":"","theme-transparent-header-meta":"","adv-header-id-meta":"","stick-header-meta":"","header-above-stick-meta":"","header-main-stick-meta":"","header-below-stick-meta":"","astra-migrate-meta-layouts":"default","ast-page-background-enabled":"default","ast-page-background-meta":{"desktop":{"background-color":"var(--ast-global-color-4)","background-image":"","background-repeat":"repeat","background-position":"center center","background-size":"auto","background-attachment":"scroll","background-type":"","background-media":"","overlay-type":"","overlay-color":"","overlay-opacity":"","overlay-gradient":""},"tablet":{"background-color":"","background-image":"","background-repeat":"repeat","background-position":"center center","background-size":"auto","background-attachment":"scroll","background-type":"","background-media":"","overlay-type":"","overlay-color":"","overlay-opacity":"","overlay-gradient":""},"mobile":{"background-color":"","background-image":"","background-repeat":"repeat","background-position":"center center","background-size":"auto","background-attachment":"scroll","background-type":"","background-media":"","overlay-type":"","overlay-color":"","overlay-opacity":"","overlay-gradient":""}},"ast-content-background-meta":{"desktop":{"background-color":"var(--ast-global-color-5)","background-image":"","background-repeat":"repeat","background-position":"center center","background-size":"auto","background-attachment":"scroll","background-type":"","background-media":"","overlay-type":"","overlay-color":"","overlay-opacity":"","overlay-gradient":""},"tablet":{"background-color":"var(--ast-global-color-5)","background-image":"","background-repeat":"repeat","background-position":"center center","background-size":"auto","background-attachment":"scroll","background-type":"","background-media":"","overlay-type":"","overlay-color":"","overlay-opacity":"","overlay-gradient":""},"mobile":{"background-color":"var(--ast-global-color-5)","background-image":"","background-repeat":"repeat","background-position":"center center","background-size":"auto","background-attachment":"scroll","background-type":"","background-media":"","overlay-type":"","overlay-color":"","overlay-opacity":"","overlay-gradient":""}},"footnotes":""},"class_list":["post-5843","page","type-page","status-publish","hentry"],"_links":{"self":[{"href":"https:\/\/hotel-hirsch.gaeste-mappe.de\/en\/wp-json\/wp\/v2\/pages\/5843","targetHints":{"allow":["GET"]}}],"collection":[{"href":"https:\/\/hotel-hirsch.gaeste-mappe.de\/en\/wp-json\/wp\/v2\/pages"}],"about":[{"href":"https:\/\/hotel-hirsch.gaeste-mappe.de\/en\/wp-json\/wp\/v2\/types\/page"}],"author":[{"embeddable":true,"href":"https:\/\/hotel-hirsch.gaeste-mappe.de\/en\/wp-json\/wp\/v2\/users\/2"}],"replies":[{"embeddable":true,"href":"https:\/\/hotel-hirsch.gaeste-mappe.de\/en\/wp-json\/wp\/v2\/comments?post=5843"}],"version-history":[{"count":109,"href":"https:\/\/hotel-hirsch.gaeste-mappe.de\/en\/wp-json\/wp\/v2\/pages\/5843\/revisions"}],"predecessor-version":[{"id":14320,"href":"https:\/\/hotel-hirsch.gaeste-mappe.de\/en\/wp-json\/wp\/v2\/pages\/5843\/revisions\/14320"}],"wp:attachment":[{"href":"https:\/\/hotel-hirsch.gaeste-mappe.de\/en\/wp-json\/wp\/v2\/media?parent=5843"}],"curies":[{"name":"wp","href":"https:\/\/api.w.org\/{rel}","templated":true}]}}