{"id":5841,"date":"2023-03-24T14:32:13","date_gmt":"2023-03-24T14:32:13","guid":{"rendered":"https:\/\/gaestehaus-am-kurpark.gaeste-mappe.com\/?page_id=5841"},"modified":"2025-06-18T13:07:31","modified_gmt":"2025-06-18T13:07:31","slug":"fruehstueck","status":"publish","type":"page","link":"https:\/\/hotel-hirsch.gaeste-mappe.de\/en\/fruehstueck\/","title":{"rendered":"Breakfast"},"content":{"rendered":"<div data-elementor-type=\"wp-page\" data-elementor-id=\"5841\" class=\"elementor elementor-5841\" data-elementor-post-type=\"page\">\n\t\t\t\t\t\t<section class=\"elementor-section elementor-top-section elementor-element elementor-element-443884d5 elementor-section-boxed elementor-section-height-default elementor-section-height-default\" data-id=\"443884d5\" data-element_type=\"section\" data-e-type=\"section\" data-settings=\"{&quot;background_background&quot;:&quot;classic&quot;}\">\n\t\t\t\t\t\t<div class=\"elementor-container elementor-column-gap-default\">\n\t\t\t\t\t<div class=\"elementor-column elementor-col-100 elementor-top-column elementor-element elementor-element-60b55b26\" data-id=\"60b55b26\" data-element_type=\"column\" data-e-type=\"column\">\n\t\t\t<div class=\"elementor-widget-wrap elementor-element-populated\">\n\t\t\t\t\t\t<div class=\"elementor-element elementor-element-69562c60 kopf elementor-icon-list--layout-traditional elementor-list-item-link-full_width elementor-widget elementor-widget-icon-list\" data-id=\"69562c60\" data-element_type=\"widget\" data-e-type=\"widget\" data-widget_type=\"icon-list.default\">\n\t\t\t\t<div class=\"elementor-widget-container\">\n\t\t\t\t\t\t\t<ul class=\"elementor-icon-list-items\">\n\t\t\t\t\t\t\t<li class=\"elementor-icon-list-item\">\n\t\t\t\t\t\t\t\t\t\t\t<span class=\"elementor-icon-list-icon\">\n\t\t\t\t\t\t\t<svg xmlns=\"http:\/\/www.w3.org\/2000\/svg\" id=\"Capa_1\" height=\"512\" viewbox=\"0 0 512 512\" width=\"512\"><g><path d=\"m200 370h-5v40c0 8.284-6.716 15-15 15s-15-6.716-15-15v-40h-50v40c0 8.284-6.716 15-15 15s-15-6.716-15-15v-40h-5c-44.183 0-80 35.817-80 80v32c0 16.569 13.431 30 30 30h220c16.569 0 30-13.431 30-30v-32c0-44.183-35.817-80-80-80z\"><\/path><path d=\"m457 250h-25v-15c0-8.284-6.716-15-15-15h-202c-8.284 0-15 6.716-15 15v45h257c13.785 0 25 11.215 25 25v50c0 13.785-11.215 25-25 25h-25v-70h-232v30c60.654 0 110 49.346 110 110v32c0 10.925-2.949 21.167-8.072 30h85.072c24.813 0 45-20.187 45-45v-57h25c30.327 0 55-24.673 55-55v-50c0-30.327-24.673-55-55-55z\"><\/path><path d=\"m347 190c8.284 0 15-6.716 15-15v-20c0-8.271 6.729-15 15-15 24.813 0 45-20.187 45-45s-20.187-45-45-45c-8.271 0-15-6.729-15-15v-20c0-8.284-6.716-15-15-15s-15 6.716-15 15v20c0 24.813 20.187 45 45 45 8.271 0 15 6.729 15 15s-6.729 15-15 15c-24.813 0-45 20.187-45 45v20c0 8.284 6.716 15 15 15z\"><\/path><path d=\"m247 190c8.284 0 15-6.716 15-15v-20c0-8.271 6.729-15 15-15 24.813 0 45-20.187 45-45s-20.187-45-45-45c-8.271 0-15-6.729-15-15v-20c0-8.284-6.716-15-15-15s-15 6.716-15 15v20c0 24.813 20.187 45 45 45 8.271 0 15 6.729 15 15s-6.729 15-15 15c-24.813 0-45 20.187-45 45v20c0 8.284 6.716 15 15 15z\"><\/path><\/g><\/svg>\t\t\t\t\t\t<\/span>\n\t\t\t\t\t\t\t\t\t\t<span class=\"elementor-icon-list-text\">Breakfast<\/span>\n\t\t\t\t\t\t\t\t\t<\/li>\n\t\t\t\t\t\t<\/ul>\n\t\t\t\t\t\t<\/div>\n\t\t\t\t<\/div>\n\t\t\t\t\t<\/div>\n\t\t<\/div>\n\t\t\t\t\t<\/div>\n\t\t<\/section>\n\t\t\t\t<section class=\"elementor-section elementor-top-section elementor-element elementor-element-e43fbb1 elementor-section-boxed elementor-section-height-default elementor-section-height-default\" data-id=\"e43fbb1\" data-element_type=\"section\" data-e-type=\"section\">\n\t\t\t\t\t\t<div class=\"elementor-container elementor-column-gap-default\">\n\t\t\t\t\t<div class=\"elementor-column elementor-col-100 elementor-top-column elementor-element elementor-element-53486ad\" data-id=\"53486ad\" data-element_type=\"column\" data-e-type=\"column\">\n\t\t\t<div class=\"elementor-widget-wrap elementor-element-populated\">\n\t\t\t\t\t\t<div class=\"elementor-element elementor-element-f64702a gallery-spacing-custom elementor-widget elementor-widget-image-gallery\" data-id=\"f64702a\" data-element_type=\"widget\" data-e-type=\"widget\" data-widget_type=\"image-gallery.default\">\n\t\t\t\t<div class=\"elementor-widget-container\">\n\t\t\t\t\t\t\t<div class=\"elementor-image-gallery\">\n\t\t\t<div id='gallery-1' class='gallery galleryid-5841 gallery-columns-3 gallery-size-full'><figure class='gallery-item'>\n\t\t\t<div class='gallery-icon landscape'>\n\t\t\t\t<a data-elementor-open-lightbox=\"yes\" data-elementor-lightbox-slideshow=\"f64702a\" data-elementor-lightbox-title=\"fruehstueck\" data-e-action-hash=\"#elementor-action%3Aaction%3Dlightbox%26settings%3DeyJpZCI6MTM4NzgsInVybCI6Imh0dHBzOlwvXC9ob3RlbC1oaXJzY2guZ2Flc3RlLW1hcHBlLmRlXC93cC1jb250ZW50XC91cGxvYWRzXC8yMDI1XC8wNlwvZnJ1ZWhzdHVlY2suanBnIiwic2xpZGVzaG93IjoiZjY0NzAyYSJ9\" href='https:\/\/hotel-hirsch.gaeste-mappe.de\/wp-content\/uploads\/2025\/06\/fruehstueck.jpg'><img fetchpriority=\"high\" decoding=\"async\" width=\"1600\" height=\"916\" src=\"https:\/\/hotel-hirsch.gaeste-mappe.de\/wp-content\/uploads\/2025\/06\/fruehstueck.jpg\" class=\"attachment-full size-full\" alt=\"\" srcset=\"https:\/\/hotel-hirsch.gaeste-mappe.de\/wp-content\/uploads\/2025\/06\/fruehstueck.jpg 1600w, https:\/\/hotel-hirsch.gaeste-mappe.de\/wp-content\/uploads\/2025\/06\/fruehstueck-300x172.jpg 300w, https:\/\/hotel-hirsch.gaeste-mappe.de\/wp-content\/uploads\/2025\/06\/fruehstueck-1024x586.jpg 1024w, https:\/\/hotel-hirsch.gaeste-mappe.de\/wp-content\/uploads\/2025\/06\/fruehstueck-768x440.jpg 768w, https:\/\/hotel-hirsch.gaeste-mappe.de\/wp-content\/uploads\/2025\/06\/fruehstueck-1536x879.jpg 1536w, https:\/\/hotel-hirsch.gaeste-mappe.de\/wp-content\/uploads\/2025\/06\/fruehstueck-18x10.jpg 18w\" sizes=\"(max-width: 1600px) 100vw, 1600px\" \/><\/a>\n\t\t\t<\/div><\/figure><figure class='gallery-item'>\n\t\t\t<div class='gallery-icon landscape'>\n\t\t\t\t<a data-elementor-open-lightbox=\"yes\" data-elementor-lightbox-slideshow=\"f64702a\" data-elementor-lightbox-title=\"fruehstueck4\" data-e-action-hash=\"#elementor-action%3Aaction%3Dlightbox%26settings%3DeyJpZCI6MTM4ODQsInVybCI6Imh0dHBzOlwvXC9ob3RlbC1oaXJzY2guZ2Flc3RlLW1hcHBlLmRlXC93cC1jb250ZW50XC91cGxvYWRzXC8yMDI1XC8wNlwvZnJ1ZWhzdHVlY2s0LmpwZyIsInNsaWRlc2hvdyI6ImY2NDcwMmEifQ%3D%3D\" href='https:\/\/hotel-hirsch.gaeste-mappe.de\/wp-content\/uploads\/2025\/06\/fruehstueck4.jpg'><img decoding=\"async\" width=\"1280\" height=\"720\" src=\"https:\/\/hotel-hirsch.gaeste-mappe.de\/wp-content\/uploads\/2025\/06\/fruehstueck4.jpg\" class=\"attachment-full size-full\" alt=\"\" srcset=\"https:\/\/hotel-hirsch.gaeste-mappe.de\/wp-content\/uploads\/2025\/06\/fruehstueck4.jpg 1280w, https:\/\/hotel-hirsch.gaeste-mappe.de\/wp-content\/uploads\/2025\/06\/fruehstueck4-300x169.jpg 300w, https:\/\/hotel-hirsch.gaeste-mappe.de\/wp-content\/uploads\/2025\/06\/fruehstueck4-1024x576.jpg 1024w, https:\/\/hotel-hirsch.gaeste-mappe.de\/wp-content\/uploads\/2025\/06\/fruehstueck4-768x432.jpg 768w, https:\/\/hotel-hirsch.gaeste-mappe.de\/wp-content\/uploads\/2025\/06\/fruehstueck4-18x10.jpg 18w\" sizes=\"(max-width: 1280px) 100vw, 1280px\" \/><\/a>\n\t\t\t<\/div><\/figure><figure class='gallery-item'>\n\t\t\t<div class='gallery-icon landscape'>\n\t\t\t\t<a data-elementor-open-lightbox=\"yes\" data-elementor-lightbox-slideshow=\"f64702a\" data-elementor-lightbox-title=\"fruehstueck3\" data-e-action-hash=\"#elementor-action%3Aaction%3Dlightbox%26settings%3DeyJpZCI6MTM4ODAsInVybCI6Imh0dHBzOlwvXC9ob3RlbC1oaXJzY2guZ2Flc3RlLW1hcHBlLmRlXC93cC1jb250ZW50XC91cGxvYWRzXC8yMDI1XC8wNlwvZnJ1ZWhzdHVlY2szLmpwZyIsInNsaWRlc2hvdyI6ImY2NDcwMmEifQ%3D%3D\" href='https:\/\/hotel-hirsch.gaeste-mappe.de\/wp-content\/uploads\/2025\/06\/fruehstueck3.jpg'><img decoding=\"async\" width=\"1600\" height=\"916\" src=\"https:\/\/hotel-hirsch.gaeste-mappe.de\/wp-content\/uploads\/2025\/06\/fruehstueck3.jpg\" class=\"attachment-full size-full\" alt=\"\" srcset=\"https:\/\/hotel-hirsch.gaeste-mappe.de\/wp-content\/uploads\/2025\/06\/fruehstueck3.jpg 1600w, https:\/\/hotel-hirsch.gaeste-mappe.de\/wp-content\/uploads\/2025\/06\/fruehstueck3-300x172.jpg 300w, https:\/\/hotel-hirsch.gaeste-mappe.de\/wp-content\/uploads\/2025\/06\/fruehstueck3-1024x586.jpg 1024w, https:\/\/hotel-hirsch.gaeste-mappe.de\/wp-content\/uploads\/2025\/06\/fruehstueck3-768x440.jpg 768w, https:\/\/hotel-hirsch.gaeste-mappe.de\/wp-content\/uploads\/2025\/06\/fruehstueck3-1536x879.jpg 1536w, https:\/\/hotel-hirsch.gaeste-mappe.de\/wp-content\/uploads\/2025\/06\/fruehstueck3-18x10.jpg 18w\" sizes=\"(max-width: 1600px) 100vw, 1600px\" \/><\/a>\n\t\t\t<\/div><\/figure>\n\t\t<\/div>\n\t\t<\/div>\n\t\t\t\t\t\t<\/div>\n\t\t\t\t<\/div>\n\t\t\t\t\t<\/div>\n\t\t<\/div>\n\t\t\t\t\t<\/div>\n\t\t<\/section>\n\t\t\t\t<section class=\"elementor-section elementor-top-section elementor-element elementor-element-6ff8260d elementor-section-boxed elementor-section-height-default elementor-section-height-default\" data-id=\"6ff8260d\" data-element_type=\"section\" data-e-type=\"section\">\n\t\t\t\t\t\t<div class=\"elementor-container elementor-column-gap-default\">\n\t\t\t\t\t<div class=\"elementor-column elementor-col-100 elementor-top-column elementor-element elementor-element-3393fcd8\" data-id=\"3393fcd8\" data-element_type=\"column\" data-e-type=\"column\">\n\t\t\t<div class=\"elementor-widget-wrap elementor-element-populated\">\n\t\t\t\t\t\t<div class=\"elementor-element elementor-element-1ab19e41 elementor-widget elementor-widget-text-editor\" data-id=\"1ab19e41\" data-element_type=\"widget\" data-e-type=\"widget\" data-widget_type=\"text-editor.default\">\n\t\t\t\t<div class=\"elementor-widget-container\">\n\t\t\t\t\t\t\t\t\t<p data-start=\"173\" data-end=\"451\">Get your day off to a good start with our varied breakfast menu.<br><br data-start=\"243\" data-end=\"246\">You can look forward to a selection of fresh baked goods, savoury and sweet spreads, sausage and cheese specialities. We also serve a variety of hot and cold drinks.<\/p>\n<p data-start=\"453\" data-end=\"546\">Enjoy your breakfast in a pleasant atmosphere - we wish you a good appetite!<\/p>\t\t\t\t\t\t\t\t<\/div>\n\t\t\t\t<\/div>\n\t\t\t\t\t<\/div>\n\t\t<\/div>\n\t\t\t\t\t<\/div>\n\t\t<\/section>\n\t\t\t\t<section class=\"elementor-section elementor-top-section elementor-element elementor-element-6d26de3a elementor-section-boxed elementor-section-height-default elementor-section-height-default\" data-id=\"6d26de3a\" data-element_type=\"section\" data-e-type=\"section\">\n\t\t\t\t\t\t<div class=\"elementor-container elementor-column-gap-default\">\n\t\t\t\t\t<div class=\"elementor-column elementor-col-100 elementor-top-column elementor-element elementor-element-5feb8d07\" data-id=\"5feb8d07\" data-element_type=\"column\" data-e-type=\"column\">\n\t\t\t<div class=\"elementor-widget-wrap elementor-element-populated\">\n\t\t\t\t\t\t<div class=\"elementor-element elementor-element-bdac896 elementor-icon-list--layout-traditional elementor-list-item-link-full_width elementor-widget elementor-widget-icon-list\" data-id=\"bdac896\" data-element_type=\"widget\" data-e-type=\"widget\" data-widget_type=\"icon-list.default\">\n\t\t\t\t<div class=\"elementor-widget-container\">\n\t\t\t\t\t\t\t<ul class=\"elementor-icon-list-items\">\n\t\t\t\t\t\t\t<li class=\"elementor-icon-list-item\">\n\t\t\t\t\t\t\t\t\t\t\t<span class=\"elementor-icon-list-icon\">\n\t\t\t\t\t\t\t<i aria-hidden=\"true\" class=\"far fa-clock\"><\/i>\t\t\t\t\t\t<\/span>\n\t\t\t\t\t\t\t\t\t\t<span class=\"elementor-icon-list-text\">Breakfast times<\/span>\n\t\t\t\t\t\t\t\t\t<\/li>\n\t\t\t\t\t\t<\/ul>\n\t\t\t\t\t\t<\/div>\n\t\t\t\t<\/div>\n\t\t\t\t\t<\/div>\n\t\t<\/div>\n\t\t\t\t\t<\/div>\n\t\t<\/section>\n\t\t\t\t<section class=\"elementor-section elementor-top-section elementor-element elementor-element-33f9ce45 elementor-section-boxed elementor-section-height-default elementor-section-height-default\" data-id=\"33f9ce45\" data-element_type=\"section\" data-e-type=\"section\">\n\t\t\t\t\t\t<div class=\"elementor-container elementor-column-gap-default\">\n\t\t\t\t\t<div class=\"elementor-column elementor-col-100 elementor-top-column elementor-element elementor-element-23565405\" data-id=\"23565405\" data-element_type=\"column\" data-e-type=\"column\">\n\t\t\t<div class=\"elementor-widget-wrap elementor-element-populated\">\n\t\t\t\t\t\t<div class=\"elementor-element elementor-element-1fb512ad elementor-widget elementor-widget-text-editor\" data-id=\"1fb512ad\" data-element_type=\"widget\" data-e-type=\"widget\" data-widget_type=\"text-editor.default\">\n\t\t\t\t<div class=\"elementor-widget-container\">\n\t\t\t\t\t\t\t\t\t<p>Monday to Friday: 07.00 to 10.00<\/p><p>For our business travellers we offer an early breakfast from 06.30 am.<\/p><p>Saturday, Sundays and public holidays: 8.00 to 10.00 a.m.<\/p>\t\t\t\t\t\t\t\t<\/div>\n\t\t\t\t<\/div>\n\t\t\t\t\t<\/div>\n\t\t<\/div>\n\t\t\t\t\t<\/div>\n\t\t<\/section>\n\t\t\t\t<\/div>","protected":false},"excerpt":{"rendered":"<p>Fr\u00fchst\u00fcck Starten Sie gut in den Tag mit unserem vielf\u00e4ltigen Fr\u00fchst\u00fccksangebot.Freuen Sie sich auf eine Auswahl an frischen Backwaren, herzhaften und s\u00fc\u00dfen Aufstrichen, Wurst- und K\u00e4sespezialit\u00e4ten. Dazu servieren wir Ihnen verschiedene warme und kalte Getr\u00e4nke. Genie\u00dfen Sie Ihr Fr\u00fchst\u00fcck in angenehmer Atmosph\u00e4re \u2013 wir w\u00fcnschen Ihnen einen guten Appetit! Fr\u00fchst\u00fcckszeiten Montag bis Freitag: 07.00 bis [&hellip;]<\/p>\n","protected":false},"author":2,"featured_media":0,"parent":0,"menu_order":0,"comment_status":"closed","ping_status":"closed","template":"","meta":{"site-sidebar-layout":"no-sidebar","site-content-layout":"page-builder","ast-site-content-layout":"default","site-content-style":"default","site-sidebar-style":"default","ast-global-header-display":"","ast-banner-title-visibility":"","ast-main-header-display":"","ast-hfb-above-header-display":"","ast-hfb-below-header-display":"","ast-hfb-mobile-header-display":"","site-post-title":"disabled","ast-breadcrumbs-content":"","ast-featured-img":"disabled","footer-sml-layout":"","ast-disable-related-posts":"","theme-transparent-header-meta":"","adv-header-id-meta":"","stick-header-meta":"","header-above-stick-meta":"","header-main-stick-meta":"","header-below-stick-meta":"","astra-migrate-meta-layouts":"default","ast-page-background-enabled":"default","ast-page-background-meta":{"desktop":{"background-color":"var(--ast-global-color-4)","background-image":"","background-repeat":"repeat","background-position":"center center","background-size":"auto","background-attachment":"scroll","background-type":"","background-media":"","overlay-type":"","overlay-color":"","overlay-opacity":"","overlay-gradient":""},"tablet":{"background-color":"","background-image":"","background-repeat":"repeat","background-position":"center center","background-size":"auto","background-attachment":"scroll","background-type":"","background-media":"","overlay-type":"","overlay-color":"","overlay-opacity":"","overlay-gradient":""},"mobile":{"background-color":"","background-image":"","background-repeat":"repeat","background-position":"center center","background-size":"auto","background-attachment":"scroll","background-type":"","background-media":"","overlay-type":"","overlay-color":"","overlay-opacity":"","overlay-gradient":""}},"ast-content-background-meta":{"desktop":{"background-color":"var(--ast-global-color-5)","background-image":"","background-repeat":"repeat","background-position":"center center","background-size":"auto","background-attachment":"scroll","background-type":"","background-media":"","overlay-type":"","overlay-color":"","overlay-opacity":"","overlay-gradient":""},"tablet":{"background-color":"var(--ast-global-color-5)","background-image":"","background-repeat":"repeat","background-position":"center center","background-size":"auto","background-attachment":"scroll","background-type":"","background-media":"","overlay-type":"","overlay-color":"","overlay-opacity":"","overlay-gradient":""},"mobile":{"background-color":"var(--ast-global-color-5)","background-image":"","background-repeat":"repeat","background-position":"center center","background-size":"auto","background-attachment":"scroll","background-type":"","background-media":"","overlay-type":"","overlay-color":"","overlay-opacity":"","overlay-gradient":""}},"footnotes":""},"class_list":["post-5841","page","type-page","status-publish","hentry"],"_links":{"self":[{"href":"https:\/\/hotel-hirsch.gaeste-mappe.de\/en\/wp-json\/wp\/v2\/pages\/5841","targetHints":{"allow":["GET"]}}],"collection":[{"href":"https:\/\/hotel-hirsch.gaeste-mappe.de\/en\/wp-json\/wp\/v2\/pages"}],"about":[{"href":"https:\/\/hotel-hirsch.gaeste-mappe.de\/en\/wp-json\/wp\/v2\/types\/page"}],"author":[{"embeddable":true,"href":"https:\/\/hotel-hirsch.gaeste-mappe.de\/en\/wp-json\/wp\/v2\/users\/2"}],"replies":[{"embeddable":true,"href":"https:\/\/hotel-hirsch.gaeste-mappe.de\/en\/wp-json\/wp\/v2\/comments?post=5841"}],"version-history":[{"count":125,"href":"https:\/\/hotel-hirsch.gaeste-mappe.de\/en\/wp-json\/wp\/v2\/pages\/5841\/revisions"}],"predecessor-version":[{"id":14317,"href":"https:\/\/hotel-hirsch.gaeste-mappe.de\/en\/wp-json\/wp\/v2\/pages\/5841\/revisions\/14317"}],"wp:attachment":[{"href":"https:\/\/hotel-hirsch.gaeste-mappe.de\/en\/wp-json\/wp\/v2\/media?parent=5841"}],"curies":[{"name":"wp","href":"https:\/\/api.w.org\/{rel}","templated":true}]}}