{"id":388,"date":"2021-11-02T12:13:37","date_gmt":"2021-11-02T12:13:37","guid":{"rendered":"https:\/\/demo.zorentino.com\/?page_id=388"},"modified":"2025-05-31T17:21:08","modified_gmt":"2025-05-31T17:21:08","slug":"qr-code-2","status":"publish","type":"page","link":"https:\/\/hotel-hirsch.gaeste-mappe.de\/en\/qr-code-2\/","title":{"rendered":"QR code"},"content":{"rendered":"<div data-elementor-type=\"wp-page\" data-elementor-id=\"388\" class=\"elementor elementor-388\" data-elementor-post-type=\"page\">\n\t\t\t\t\t\t<section class=\"elementor-section elementor-top-section elementor-element elementor-element-62cec5d8 elementor-section-boxed elementor-section-height-default elementor-section-height-default\" data-id=\"62cec5d8\" data-element_type=\"section\" data-e-type=\"section\" data-settings=\"{&quot;background_background&quot;:&quot;classic&quot;}\">\n\t\t\t\t\t\t<div class=\"elementor-container elementor-column-gap-default\">\n\t\t\t\t\t<div class=\"elementor-column elementor-col-100 elementor-top-column elementor-element elementor-element-5df51033\" data-id=\"5df51033\" data-element_type=\"column\" data-e-type=\"column\">\n\t\t\t<div class=\"elementor-widget-wrap elementor-element-populated\">\n\t\t\t\t\t\t<div class=\"elementor-element elementor-element-1e19c180 kopf elementor-icon-list--layout-traditional elementor-list-item-link-full_width elementor-widget elementor-widget-icon-list\" data-id=\"1e19c180\" data-element_type=\"widget\" data-e-type=\"widget\" data-widget_type=\"icon-list.default\">\n\t\t\t\t<div class=\"elementor-widget-container\">\n\t\t\t\t\t\t\t<ul class=\"elementor-icon-list-items\">\n\t\t\t\t\t\t\t<li class=\"elementor-icon-list-item\">\n\t\t\t\t\t\t\t\t\t\t\t<span class=\"elementor-icon-list-icon\">\n\t\t\t\t\t\t\t<svg xmlns=\"http:\/\/www.w3.org\/2000\/svg\" height=\"512\" viewbox=\"0 0 512 512\" width=\"512\"><g id=\"_x33_5_x2C__Smart_Phone_x2C__Cell_Phone_x2C__Mobile_Phone_x2C__Technology_x2C__Communications\"><g><path d=\"m291 206h20v20h-20z\"><\/path><path d=\"m201 206h20v20h-20z\"><\/path><path d=\"m201 286h20v20h-20z\"><\/path><path d=\"m371 1h-230c-22.056 0-40 17.944-40 40v430c0 22.056 17.944 40 40 40h230c22.056 0 40-17.944 40-40v-430c0-22.056-17.944-40-40-40zm20 470c0 11.028-8.972 20-20 20h-230c-11.028 0-20-8.972-20-20v-40h270zm-160-225h-40c-5.523 0-10-4.477-10-10v-40c0-5.523 4.477-10 10-10h40c5.523 0 10 4.477 10 10v40c0 5.523-4.477 10-10 10zm10 30v40c0 5.522-4.477 10-10 10h-40c-5.523 0-10-4.478-10-10v-40c0-5.522 4.477-10 10-10h40c5.523 0 10 4.478 10 10zm-50-110h-30v30c0 5.523-4.477 10-10 10s-10-4.477-10-10v-40c0-5.523 4.477-10 10-10h40c5.523 0 10 4.477 10 10s-4.477 10-10 10zm-40 140c5.523 0 10 4.478 10 10v30h30c5.523 0 10 4.478 10 10s-4.477 10-10 10h-40c-5.523 0-10-4.478-10-10v-40c0-5.522 4.477-10 10-10zm210-100c-5.522 0-10-4.477-10-10v-30h-30c-5.522 0-10-4.477-10-10s4.478-10 10-10h40c5.522 0 10 4.477 10 10v40c0 5.523-4.478 10-10 10zm10 110v40c0 5.522-4.478 10-10 10h-40c-5.522 0-10-4.478-10-10s4.478-10 10-10h30v-30c0-5.522 4.478-10 10-10s10 4.478 10 10zm-50-130c5.522 0 10 4.477 10 10v40c0 5.523-4.478 10-10 10h-40c-5.522 0-10-4.477-10-10v-40c0-5.523 4.478-10 10-10zm-40 80h40c5.522 0 10 4.478 10 10v40c0 5.522-4.478 10-10 10h-40c-5.522 0-10-4.478-10-10v-40c0-5.522 4.478-10 10-10zm110-185h-270v-40c0-11.028 8.972-20 20-20h230c11.028 0 20 8.972 20 20z\"><\/path><path d=\"m291 286h20v20h-20z\"><\/path><path d=\"m231 471h50c5.522 0 10-4.478 10-10s-4.478-10-10-10h-50c-5.523 0-10 4.478-10 10s4.477 10 10 10z\"><\/path><path d=\"m281 41h-50c-5.523 0-10 4.478-10 10s4.477 10 10 10h50c5.522 0 10-4.478 10-10s-4.478-10-10-10z\"><\/path><\/g><\/g><\/svg>\t\t\t\t\t\t<\/span>\n\t\t\t\t\t\t\t\t\t\t<span class=\"elementor-icon-list-text\">QR code<\/span>\n\t\t\t\t\t\t\t\t\t<\/li>\n\t\t\t\t\t\t<\/ul>\n\t\t\t\t\t\t<\/div>\n\t\t\t\t<\/div>\n\t\t\t\t\t<\/div>\n\t\t<\/div>\n\t\t\t\t\t<\/div>\n\t\t<\/section>\n\t\t\t\t<section class=\"elementor-section elementor-top-section elementor-element elementor-element-706874aa elementor-section-boxed elementor-section-height-default elementor-section-height-default\" data-id=\"706874aa\" data-element_type=\"section\" data-e-type=\"section\">\n\t\t\t\t\t\t<div class=\"elementor-container elementor-column-gap-default\">\n\t\t\t\t\t<div class=\"elementor-column elementor-col-100 elementor-top-column elementor-element elementor-element-28d4f315\" data-id=\"28d4f315\" data-element_type=\"column\" data-e-type=\"column\">\n\t\t\t<div class=\"elementor-widget-wrap elementor-element-populated\">\n\t\t\t\t\t\t<div class=\"elementor-element elementor-element-f823025 elementor-widget elementor-widget-text-editor\" data-id=\"f823025\" data-element_type=\"widget\" data-e-type=\"widget\" data-widget_type=\"text-editor.default\">\n\t\t\t\t<div class=\"elementor-widget-container\">\n\t\t\t\t\t\t\t\t\t<p>If you are currently viewing this website on a laptop or large screen, you can also use a smartphone to scan the QR code below to view our digital guest directory on your smartphone.<\/p>\t\t\t\t\t\t\t\t<\/div>\n\t\t\t\t<\/div>\n\t\t\t\t\t<\/div>\n\t\t<\/div>\n\t\t\t\t\t<\/div>\n\t\t<\/section>\n\t\t\t\t<section class=\"elementor-section elementor-top-section elementor-element elementor-element-44ae7ce4 elementor-section-boxed elementor-section-height-default elementor-section-height-default\" data-id=\"44ae7ce4\" data-element_type=\"section\" data-e-type=\"section\">\n\t\t\t\t\t\t<div class=\"elementor-container elementor-column-gap-default\">\n\t\t\t\t\t<div class=\"elementor-column elementor-col-100 elementor-top-column elementor-element elementor-element-1bc8e9ef\" data-id=\"1bc8e9ef\" data-element_type=\"column\" data-e-type=\"column\">\n\t\t\t<div class=\"elementor-widget-wrap elementor-element-populated\">\n\t\t\t\t\t\t<div class=\"elementor-element elementor-element-55efac56 elementor-widget elementor-widget-image\" data-id=\"55efac56\" data-element_type=\"widget\" data-e-type=\"widget\" data-widget_type=\"image.default\">\n\t\t\t\t<div class=\"elementor-widget-container\">\n\t\t\t\t\t\t\t\t\t\t\t\t<figure class=\"wp-caption\">\n\t\t\t\t\t\t\t\t\t\t<img fetchpriority=\"high\" decoding=\"async\" width=\"300\" height=\"300\" src=\"https:\/\/hotel-hirsch.gaeste-mappe.de\/wp-content\/uploads\/2025\/05\/Qr-Code-Gaestemappe.png\" class=\"attachment-large size-large wp-image-13632\" alt=\"\" srcset=\"https:\/\/hotel-hirsch.gaeste-mappe.de\/wp-content\/uploads\/2025\/05\/Qr-Code-Gaestemappe.png 300w, https:\/\/hotel-hirsch.gaeste-mappe.de\/wp-content\/uploads\/2025\/05\/Qr-Code-Gaestemappe-150x150.png 150w, https:\/\/hotel-hirsch.gaeste-mappe.de\/wp-content\/uploads\/2025\/05\/Qr-Code-Gaestemappe-12x12.png 12w\" sizes=\"(max-width: 300px) 100vw, 300px\" \/>\t\t\t\t\t\t\t\t\t\t\t<figcaption class=\"widget-image-caption wp-caption-text\">QR code for the digital guest folder<\/figcaption>\n\t\t\t\t\t\t\t\t\t\t<\/figure>\n\t\t\t\t\t\t\t\t\t<\/div>\n\t\t\t\t<\/div>\n\t\t\t\t\t<\/div>\n\t\t<\/div>\n\t\t\t\t\t<\/div>\n\t\t<\/section>\n\t\t\t\t<\/div>","protected":false},"excerpt":{"rendered":"<p>QR-Code Wenn Sie diese Webseite gerade auf einem Notebook oder einem gro\u00dfen Bildschirm ansehen, k\u00f6nnen Sie auch ein Smartphone verwenden, um den QR-Code unten zu scannen und so unsere digitale G\u00e4stemappe auf Ihrem Smartphone anzuzeigen. QR-Code zur digitalen G\u00e4stemappe<\/p>","protected":false},"author":2,"featured_media":0,"parent":0,"menu_order":0,"comment_status":"closed","ping_status":"closed","template":"","meta":{"site-sidebar-layout":"no-sidebar","site-content-layout":"page-builder","ast-site-content-layout":"default","site-content-style":"default","site-sidebar-style":"default","ast-global-header-display":"","ast-banner-title-visibility":"","ast-main-header-display":"","ast-hfb-above-header-display":"","ast-hfb-below-header-display":"","ast-hfb-mobile-header-display":"","site-post-title":"disabled","ast-breadcrumbs-content":"","ast-featured-img":"disabled","footer-sml-layout":"","ast-disable-related-posts":"","theme-transparent-header-meta":"","adv-header-id-meta":"","stick-header-meta":"","header-above-stick-meta":"","header-main-stick-meta":"","header-below-stick-meta":"","astra-migrate-meta-layouts":"default","ast-page-background-enabled":"default","ast-page-background-meta":{"desktop":{"background-color":"var(--ast-global-color-4)","background-image":"","background-repeat":"repeat","background-position":"center center","background-size":"auto","background-attachment":"scroll","background-type":"","background-media":"","overlay-type":"","overlay-color":"","overlay-opacity":"","overlay-gradient":""},"tablet":{"background-color":"","background-image":"","background-repeat":"repeat","background-position":"center center","background-size":"auto","background-attachment":"scroll","background-type":"","background-media":"","overlay-type":"","overlay-color":"","overlay-opacity":"","overlay-gradient":""},"mobile":{"background-color":"","background-image":"","background-repeat":"repeat","background-position":"center center","background-size":"auto","background-attachment":"scroll","background-type":"","background-media":"","overlay-type":"","overlay-color":"","overlay-opacity":"","overlay-gradient":""}},"ast-content-background-meta":{"desktop":{"background-color":"var(--ast-global-color-5)","background-image":"","background-repeat":"repeat","background-position":"center center","background-size":"auto","background-attachment":"scroll","background-type":"","background-media":"","overlay-type":"","overlay-color":"","overlay-opacity":"","overlay-gradient":""},"tablet":{"background-color":"var(--ast-global-color-5)","background-image":"","background-repeat":"repeat","background-position":"center center","background-size":"auto","background-attachment":"scroll","background-type":"","background-media":"","overlay-type":"","overlay-color":"","overlay-opacity":"","overlay-gradient":""},"mobile":{"background-color":"var(--ast-global-color-5)","background-image":"","background-repeat":"repeat","background-position":"center center","background-size":"auto","background-attachment":"scroll","background-type":"","background-media":"","overlay-type":"","overlay-color":"","overlay-opacity":"","overlay-gradient":""}},"footnotes":""},"class_list":["post-388","page","type-page","status-publish","hentry"],"_links":{"self":[{"href":"https:\/\/hotel-hirsch.gaeste-mappe.de\/en\/wp-json\/wp\/v2\/pages\/388","targetHints":{"allow":["GET"]}}],"collection":[{"href":"https:\/\/hotel-hirsch.gaeste-mappe.de\/en\/wp-json\/wp\/v2\/pages"}],"about":[{"href":"https:\/\/hotel-hirsch.gaeste-mappe.de\/en\/wp-json\/wp\/v2\/types\/page"}],"author":[{"embeddable":true,"href":"https:\/\/hotel-hirsch.gaeste-mappe.de\/en\/wp-json\/wp\/v2\/users\/2"}],"replies":[{"embeddable":true,"href":"https:\/\/hotel-hirsch.gaeste-mappe.de\/en\/wp-json\/wp\/v2\/comments?post=388"}],"version-history":[{"count":67,"href":"https:\/\/hotel-hirsch.gaeste-mappe.de\/en\/wp-json\/wp\/v2\/pages\/388\/revisions"}],"predecessor-version":[{"id":13635,"href":"https:\/\/hotel-hirsch.gaeste-mappe.de\/en\/wp-json\/wp\/v2\/pages\/388\/revisions\/13635"}],"wp:attachment":[{"href":"https:\/\/hotel-hirsch.gaeste-mappe.de\/en\/wp-json\/wp\/v2\/media?parent=388"}],"curies":[{"name":"wp","href":"https:\/\/api.w.org\/{rel}","templated":true}]}}