{"id":343,"date":"2021-11-02T11:58:44","date_gmt":"2021-11-02T11:58:44","guid":{"rendered":"https:\/\/demo.zorentino.com\/?page_id=343"},"modified":"2025-06-28T14:40:04","modified_gmt":"2025-06-28T14:40:04","slug":"zimmerreinigung","status":"publish","type":"page","link":"https:\/\/hotel-hirsch.gaeste-mappe.de\/en\/zimmerreinigung\/","title":{"rendered":"Room cleaning"},"content":{"rendered":"\t\t<div data-elementor-type=\"wp-page\" data-elementor-id=\"343\" class=\"elementor elementor-343\" data-elementor-post-type=\"page\">\n\t\t\t\t\t\t<section class=\"elementor-section elementor-top-section elementor-element elementor-element-3f7402da elementor-section-boxed elementor-section-height-default elementor-section-height-default\" data-id=\"3f7402da\" data-element_type=\"section\" data-e-type=\"section\" data-settings=\"{&quot;background_background&quot;:&quot;classic&quot;}\">\n\t\t\t\t\t\t<div class=\"elementor-container elementor-column-gap-default\">\n\t\t\t\t\t<div class=\"elementor-column elementor-col-100 elementor-top-column elementor-element elementor-element-2ca3107c\" data-id=\"2ca3107c\" data-element_type=\"column\" data-e-type=\"column\">\n\t\t\t<div class=\"elementor-widget-wrap elementor-element-populated\">\n\t\t\t\t\t\t<div class=\"elementor-element elementor-element-1853eea4 kopf elementor-icon-list--layout-traditional elementor-list-item-link-full_width elementor-widget elementor-widget-icon-list\" data-id=\"1853eea4\" data-element_type=\"widget\" data-e-type=\"widget\" data-widget_type=\"icon-list.default\">\n\t\t\t\t<div class=\"elementor-widget-container\">\n\t\t\t\t\t\t\t<ul class=\"elementor-icon-list-items\">\n\t\t\t\t\t\t\t<li class=\"elementor-icon-list-item\">\n\t\t\t\t\t\t\t\t\t\t\t<span class=\"elementor-icon-list-icon\">\n\t\t\t\t\t\t\t<svg xmlns=\"http:\/\/www.w3.org\/2000\/svg\" id=\"Layer_3\" height=\"512\" viewBox=\"0 0 64 64\" width=\"512\" data-name=\"Layer 3\"><path d=\"m18 61h3v-2h2v2h3v-4h-8z\"><\/path><path d=\"m55.806 31a2.981 2.981 0 0 0 -4.864-3.171 1 1 0 0 1 -1.563-.242 4.984 4.984 0 0 0 -4-2.567 1 1 0 0 1 -.792-.5 2.966 2.966 0 0 0 -2.587-1.52 3 3 0 0 0 -3 3 1 1 0 0 1 -1 1 2.948 2.948 0 0 0 -2.806 4z\"><\/path><path d=\"m8 61h3v-2h2v2h3v-4h-8z\"><\/path><path d=\"m23 4a1 1 0 0 0 -2 0v39h2z\"><\/path><path d=\"m27 46a1 1 0 0 0 -1-1h-8a1 1 0 0 0 -1 1v3h10z\"><\/path><path d=\"m28 61h3v-2h2v2h3v-4h-8z\"><\/path><path d=\"m33 33h24v2h-24z\"><\/path><path d=\"m34 51h-24a3 3 0 0 0 -3 3v1h30v-1a3 3 0 0 0 -3-3z\"><\/path><path d=\"m34.937 49.1a5 5 0 0 1 4.063 4.9v2a1 1 0 0 1 -1 1v4h16.074l1.846-24h-21.846z\"><\/path><circle cx=\"50\" cy=\"11\" r=\"2\"><\/circle><circle cx=\"30\" cy=\"14\" r=\"2\"><\/circle><circle cx=\"4\" cy=\"9\" r=\"2\"><\/circle><circle cx=\"8\" cy=\"19\" r=\"2\"><\/circle><circle cx=\"59\" cy=\"20\" r=\"2\"><\/circle><\/svg>\t\t\t\t\t\t<\/span>\n\t\t\t\t\t\t\t\t\t\t<span class=\"elementor-icon-list-text\">Zimmerreinigung <\/span>\n\t\t\t\t\t\t\t\t\t<\/li>\n\t\t\t\t\t\t<\/ul>\n\t\t\t\t\t\t<\/div>\n\t\t\t\t<\/div>\n\t\t\t\t\t<\/div>\n\t\t<\/div>\n\t\t\t\t\t<\/div>\n\t\t<\/section>\n\t\t\t\t<section class=\"elementor-section elementor-top-section elementor-element elementor-element-7ac7d505 elementor-section-boxed elementor-section-height-default elementor-section-height-default\" data-id=\"7ac7d505\" data-element_type=\"section\" data-e-type=\"section\">\n\t\t\t\t\t\t<div class=\"elementor-container elementor-column-gap-default\">\n\t\t\t\t\t<div class=\"elementor-column elementor-col-100 elementor-top-column elementor-element elementor-element-221f822f\" data-id=\"221f822f\" data-element_type=\"column\" data-e-type=\"column\">\n\t\t\t<div class=\"elementor-widget-wrap elementor-element-populated\">\n\t\t\t\t\t\t<div class=\"elementor-element elementor-element-7fea5700 elementor-widget elementor-widget-text-editor\" data-id=\"7fea5700\" data-element_type=\"widget\" data-e-type=\"widget\" data-widget_type=\"text-editor.default\">\n\t\t\t\t<div class=\"elementor-widget-container\">\n\t\t\t\t\t\t\t\t\t<p>Egal, ob Sie sich etwas mehr Privatsph\u00e4re in Ihrem Zimmer w\u00fcnschen oder der Natur Gutes tun m\u00f6chten \u2013 wir verzichten auf die t\u00e4gliche Zimmerreinigung.<\/p><p>F\u00fcllen Sie bis 7 Uhr das unten stehende Formular aus, um eine kostenfreie Zimmerreinigung zu bestellen. Gerne k\u00f6nnen Sie die Zimmerreinigung auch pers\u00f6nlich an unserer Rezeption anmelden.<\/p>\t\t\t\t\t\t\t\t<\/div>\n\t\t\t\t<\/div>\n\t\t\t\t\t<\/div>\n\t\t<\/div>\n\t\t\t\t\t<\/div>\n\t\t<\/section>\n\t\t\t\t<section class=\"elementor-section elementor-top-section elementor-element elementor-element-14b218be elementor-section-boxed elementor-section-height-default elementor-section-height-default\" data-id=\"14b218be\" data-element_type=\"section\" data-e-type=\"section\">\n\t\t\t\t\t\t<div class=\"elementor-container elementor-column-gap-default\">\n\t\t\t\t\t<div class=\"elementor-column elementor-col-100 elementor-top-column elementor-element elementor-element-3c551946\" data-id=\"3c551946\" data-element_type=\"column\" data-e-type=\"column\">\n\t\t\t<div class=\"elementor-widget-wrap elementor-element-populated\">\n\t\t\t\t\t\t<div class=\"elementor-element elementor-element-3897edcd elementor-widget elementor-widget-shortcode\" data-id=\"3897edcd\" data-element_type=\"widget\" data-e-type=\"widget\" data-widget_type=\"shortcode.default\">\n\t\t\t\t<div class=\"elementor-widget-container\">\n\t\t\t\t\t\t\t<div class=\"elementor-shortcode\"><div class=\"frm_forms  with_frm_style frm_style_formidable-style\" id=\"frm_form_3_container\" data-token=\"4ac441108f64d1c5ba2e18d7d39b18e1\">\n<form enctype=\"multipart\/form-data\" method=\"post\" class=\"frm-show-form \" id=\"form_zimmerreinigung\" data-token=\"4ac441108f64d1c5ba2e18d7d39b18e1\">\n<div class=\"frm_form_fields \">\n<fieldset>\n<legend class=\"frm_screen_reader\">Zimmerreinigung<\/legend>\r\n\r\n<div class=\"frm_fields_container\">\n<input type=\"hidden\" name=\"frm_action\" value=\"create\" \/>\n<input type=\"hidden\" name=\"form_id\" value=\"3\" \/>\n<input type=\"hidden\" name=\"frm_hide_fields_3\" id=\"frm_hide_fields_3\" value=\"\" \/>\n<input type=\"hidden\" name=\"form_key\" value=\"zimmerreinigung\" \/>\n<input type=\"hidden\" name=\"item_meta[0]\" value=\"\" \/>\n<input type=\"hidden\" id=\"frm_submit_entry_3\" name=\"frm_submit_entry_3\" value=\"353aae9cf6\" \/><input type=\"hidden\" name=\"_wp_http_referer\" value=\"\/en\/wp-json\/wp\/v2\/pages\/343\" \/><div id=\"frm_field_18_container\" class=\"frm_form_field  frm12 frm_html_container form-field\">\n<h4><strong>Kostenlose Zimmerreinigung bestellen<\/strong><\/h4>\n<\/div>\n<div id=\"frm_field_12_container\" class=\"frm_form_field form-field  frm_required_field frm_top_container frm6 frm_first\">\r\n\t<label for=\"field_o9blr\" id=\"field_o9blr_label\" class=\"frm_primary_label\">Vorname\r\n\t\t<span class=\"frm_required\" aria-hidden=\"true\">*<\/span>\r\n\t<\/label>\r\n\t<input type=\"text\" id=\"field_o9blr\" name=\"item_meta[12]\" value=\"\"  data-reqmsg=\"Vorname kann nicht leer sein.\" aria-required=\"true\" data-invmsg=\"Vorname ist ung\u00fcltig\" aria-invalid=\"false\"  \/>\r\n\t\r\n\t\r\n<\/div>\n<div id=\"frm_field_13_container\" class=\"frm_form_field form-field  frm_required_field frm_top_container frm6\">\r\n\t<label for=\"field_to7xr\" id=\"field_to7xr_label\" class=\"frm_primary_label\">Name\r\n\t\t<span class=\"frm_required\" aria-hidden=\"true\">*<\/span>\r\n\t<\/label>\r\n\t<input type=\"text\" id=\"field_to7xr\" name=\"item_meta[13]\" value=\"\"  data-reqmsg=\"Name kann nicht leer sein.\" aria-required=\"true\" data-invmsg=\"Name ist ung\u00fcltig\" aria-invalid=\"false\"  \/>\r\n\t\r\n\t\r\n<\/div>\n<div id=\"frm_field_14_container\" class=\"frm_form_field form-field  frm_required_field frm_top_container frm4 frm_first\">\r\n\t<label for=\"field_89nsi\" id=\"field_89nsi_label\" class=\"frm_primary_label\">Zimmernummer\r\n\t\t<span class=\"frm_required\" aria-hidden=\"true\">*<\/span>\r\n\t<\/label>\r\n\t\t\t<select name=\"item_meta[14]\" id=\"field_89nsi\"  placeholder=\"Bitte ausw\u00e4hlen\" data-reqmsg=\"Zimmernummer kann nicht leer sein.\" aria-required=\"true\" data-invmsg=\"Zimmernummer ist ung\u00fcltig\" aria-invalid=\"false\"  >\n\t\t<option  class=\"frm-select-placeholder\" value=\"\" data-placeholder=\"true\">Bitte ausw\u00e4hlen<\/option><option  value=\"10\">10<\/option><option  value=\"11\">11<\/option><option  value=\"12\">12<\/option><option  value=\"14\">14<\/option><option  value=\"15\">15<\/option><option  value=\"16\">16<\/option><option  value=\"17\">17<\/option><option  value=\"18\">18<\/option><option  value=\"19\">19<\/option><option  value=\"20\">20<\/option><option  value=\"21\">21<\/option><option  value=\"22\">22<\/option><option  value=\"23\">23<\/option><option  value=\"24\">24<\/option><option  value=\"25\">25<\/option><option  value=\"26\">26<\/option><option  value=\"27\">27<\/option><option  value=\"28\">28<\/option><option  value=\"29\">29<\/option><option  value=\"30\">30<\/option><option  value=\"31\">31<\/option><option  value=\"32\">32<\/option><option  value=\"33\">33<\/option><option  value=\"34\">34<\/option>\t<\/select>\n\t\r\n\t\r\n\t\r\n<\/div>\n<div id=\"frm_field_17_container\" class=\"frm_form_field form-field  frm_top_container frm4\">\r\n\t<label for=\"field_rvof7\" id=\"field_rvof7_label\" class=\"frm_primary_label\">E-Mail\r\n\t\t<span class=\"frm_required\" aria-hidden=\"true\"><\/span>\r\n\t<\/label>\r\n\t<input type=\"email\" id=\"field_rvof7\" name=\"item_meta[17]\" value=\"\"  data-invmsg=\"E-Mail ist ung\u00fcltig\" aria-invalid=\"false\"  \/>\r\n\t\r\n\t\r\n<\/div>\n<div id=\"frm_field_15_container\" class=\"frm_form_field form-field  frm_top_container frm4\">\r\n\t<label for=\"field_l982j\" id=\"field_l982j_label\" class=\"frm_primary_label\">Telefon\r\n\t\t<span class=\"frm_required\" aria-hidden=\"true\"><\/span>\r\n\t<\/label>\r\n\t<input type=\"text\" id=\"field_l982j\" name=\"item_meta[15]\" value=\"\"  data-invmsg=\"Telefon ist ung\u00fcltig\" aria-invalid=\"false\"  \/>\r\n\t\r\n\t\r\n<\/div>\n<div id=\"frm_field_19_container\" class=\"frm_form_field form-field  frm_required_field frm_top_container vertical_radio\">\r\n\t<div  id=\"field_169yo_label\" class=\"frm_primary_label\">Zimmerreinigung \/ Zeitpunkt\r\n\t\t<span class=\"frm_required\" aria-hidden=\"true\">*<\/span>\r\n\t<\/div>\r\n\t<div class=\"frm_opt_container\" aria-labelledby=\"field_169yo_label\" role=\"radiogroup\" aria-required=\"true\">\t\t<div class=\"frm_radio\" id=\"frm_radio_19-0\">\t\t\t<label  for=\"field_169yo-0\">\n\t\t\t\t\t<input type=\"radio\" name=\"item_meta[19]\" id=\"field_169yo-0\" value=\"Ich m\u00f6chte die Zimmerreinigung f\u00fcr heute bestellen.\"\n\t\t data-reqmsg=\"Zimmerreinigung \/ Zeitpunkt kann nicht leer sein.\" data-invmsg=\"Zimmerreinigung \/ Zeitpunkt ist ung\u00fcltig\"   \/> Ich m\u00f6chte die Zimmerreinigung f\u00fcr heute bestellen.<\/label><\/div>\n\t\t<div class=\"frm_radio\" id=\"frm_radio_19-1\">\t\t\t<label  for=\"field_169yo-1\">\n\t\t\t\t\t<input type=\"radio\" name=\"item_meta[19]\" id=\"field_169yo-1\" value=\"Ich m\u00f6chte die Zimmerreinigung f\u00fcr morgen bestellen.\"\n\t\t data-reqmsg=\"Zimmerreinigung \/ Zeitpunkt kann nicht leer sein.\" data-invmsg=\"Zimmerreinigung \/ Zeitpunkt ist ung\u00fcltig\"   \/> Ich m\u00f6chte die Zimmerreinigung f\u00fcr morgen bestellen.<\/label><\/div>\n\t\t<div class=\"frm_radio\" id=\"frm_radio_19-2\">\t\t\t<label  for=\"field_169yo-2\">\n\t\t\t\t\t<input type=\"radio\" name=\"item_meta[19]\" id=\"field_169yo-2\" value=\"keine Zimmerreinigung \/ nur die unten angeklickten Option\"\n\t\t data-reqmsg=\"Zimmerreinigung \/ Zeitpunkt kann nicht leer sein.\" data-invmsg=\"Zimmerreinigung \/ Zeitpunkt ist ung\u00fcltig\"   \/> keine Zimmerreinigung \/ nur die unten angeklickten Option<\/label><\/div>\n<\/div>\r\n\t\r\n\t\r\n<\/div>\n<div id=\"frm_field_20_container\" class=\"frm_form_field form-field  frm_top_container vertical_radio\">\r\n\t<div  id=\"field_z6pq1_label\" class=\"frm_primary_label\">Weitere Option\r\n\t\t<span class=\"frm_required\" aria-hidden=\"true\"><\/span>\r\n\t<\/div>\r\n\t<div class=\"frm_opt_container\" aria-labelledby=\"field_z6pq1_label\" role=\"group\">\t\t<div class=\"frm_checkbox\" id=\"frm_checkbox_20-0\">\t\t\t<label  for=\"field_z6pq1-0\">\n\t\t\t<input type=\"checkbox\" name=\"item_meta[20][]\" id=\"field_z6pq1-0\" value=\"Ich m\u00f6chte einen Handtuchwechsel bestellen.\"  data-invmsg=\"Weitere Option ist ung\u00fcltig\"   \/> Ich m\u00f6chte einen Handtuchwechsel bestellen.<\/label><\/div>\n<\/div>\r\n\t\r\n\t\r\n<\/div>\n<div id=\"frm_field_22_container\" class=\"frm_form_field form-field  frm_required_field frm_top_container vertical_radio\">\r\n\t<div  id=\"field_woqbu_label\" class=\"frm_primary_label\">Datenschutz\r\n\t\t<span class=\"frm_required\" aria-hidden=\"true\">*<\/span>\r\n\t<\/div>\r\n\t<div class=\"frm_opt_container\" aria-labelledby=\"field_woqbu_label\" role=\"group\">\t\t<div class=\"frm_checkbox\" id=\"frm_checkbox_22-0\">\t\t\t<label  for=\"field_woqbu-0\">\n\t\t\t<input type=\"checkbox\" name=\"item_meta[22][]\" id=\"field_woqbu-0\" value=\"Ich habe die &lt;a href=&quot;https:\/\/zorentino.com\/datenschutz-gaestemappe\/&quot; target=&quot;_blank&quot;&gt;Datenschutzbestimmungen&lt;\/a&gt; gelesen und stimme der Erhebung, Verarbeitung und Nutzung meiner Daten durch die dort aufgef\u00fchrte verantwortliche Stelle zu.\"  data-reqmsg=\"Datenschutz kann nicht leer sein.\" data-invmsg=\"Datenschutz ist ung\u00fcltig\"   aria-required=\"true\"  \/> Ich habe die <a href=\"https:\/\/zorentino.com\/datenschutz-gaestemappe\/\" target=\"_blank\" rel=\"noopener\">Datenschutzbestimmungen<\/a> gelesen und stimme der Erhebung, Verarbeitung und Nutzung meiner Daten durch die dort aufgef\u00fchrte verantwortliche Stelle zu.<\/label><\/div>\n<\/div>\r\n\t\r\n\t\r\n<\/div>\n<div id=\"frm_field_11_container\" class=\"frm_form_field form-field \">\r\n\t<div class=\"frm_submit frm_flex\">\r\n<button class=\"frm_button_submit\" type=\"submit\"  >Senden<\/button>\r\n\r\n\r\n\r\n<\/div>\r\n<\/div>\n\t<input type=\"hidden\" name=\"item_key\" value=\"\" \/>\n\t\t\t<div id=\"frm_field_23_container\">\n\t\t\t<label for=\"field_1u5n0\" >\n\t\t\t\tIf you are human, leave this field blank.\t\t\t<\/label>\n\t\t\t<input  id=\"field_1u5n0\" type=\"text\" class=\"frm_form_field form-field frm_verify\" name=\"item_meta[23]\" value=\"\"  \/>\n\t\t<\/div>\n\t\t<input name=\"frm_state\" type=\"hidden\" value=\"Lzq5d0IxkiV+rVdTWZPUMb2dPUv1ukO\/qT+2qT8mHQo=\" \/><\/div>\n<\/fieldset>\n<\/div>\n\n<\/form>\n<\/div>\n<\/div>\n\t\t\t\t\t\t<\/div>\n\t\t\t\t<\/div>\n\t\t\t\t\t<\/div>\n\t\t<\/div>\n\t\t\t\t\t<\/div>\n\t\t<\/section>\n\t\t\t\t<\/div>\n\t\t","protected":false},"excerpt":{"rendered":"<p>Zimmerreinigung Egal, ob Sie sich etwas mehr Privatsph\u00e4re in Ihrem Zimmer w\u00fcnschen oder der Natur Gutes tun m\u00f6chten \u2013 wir verzichten auf die t\u00e4gliche Zimmerreinigung. F\u00fcllen Sie bis 7 Uhr das unten stehende Formular aus, um eine kostenfreie Zimmerreinigung zu bestellen. Gerne k\u00f6nnen Sie die Zimmerreinigung auch pers\u00f6nlich an unserer Rezeption anmelden.<\/p>","protected":false},"author":2,"featured_media":0,"parent":0,"menu_order":0,"comment_status":"closed","ping_status":"closed","template":"","meta":{"site-sidebar-layout":"no-sidebar","site-content-layout":"page-builder","ast-site-content-layout":"default","site-content-style":"default","site-sidebar-style":"default","ast-global-header-display":"","ast-banner-title-visibility":"","ast-main-header-display":"","ast-hfb-above-header-display":"","ast-hfb-below-header-display":"","ast-hfb-mobile-header-display":"","site-post-title":"disabled","ast-breadcrumbs-content":"","ast-featured-img":"disabled","footer-sml-layout":"","ast-disable-related-posts":"","theme-transparent-header-meta":"","adv-header-id-meta":"","stick-header-meta":"","header-above-stick-meta":"","header-main-stick-meta":"","header-below-stick-meta":"","astra-migrate-meta-layouts":"default","ast-page-background-enabled":"default","ast-page-background-meta":{"desktop":{"background-color":"var(--ast-global-color-4)","background-image":"","background-repeat":"repeat","background-position":"center center","background-size":"auto","background-attachment":"scroll","background-type":"","background-media":"","overlay-type":"","overlay-color":"","overlay-opacity":"","overlay-gradient":""},"tablet":{"background-color":"","background-image":"","background-repeat":"repeat","background-position":"center center","background-size":"auto","background-attachment":"scroll","background-type":"","background-media":"","overlay-type":"","overlay-color":"","overlay-opacity":"","overlay-gradient":""},"mobile":{"background-color":"","background-image":"","background-repeat":"repeat","background-position":"center center","background-size":"auto","background-attachment":"scroll","background-type":"","background-media":"","overlay-type":"","overlay-color":"","overlay-opacity":"","overlay-gradient":""}},"ast-content-background-meta":{"desktop":{"background-color":"var(--ast-global-color-5)","background-image":"","background-repeat":"repeat","background-position":"center center","background-size":"auto","background-attachment":"scroll","background-type":"","background-media":"","overlay-type":"","overlay-color":"","overlay-opacity":"","overlay-gradient":""},"tablet":{"background-color":"var(--ast-global-color-5)","background-image":"","background-repeat":"repeat","background-position":"center center","background-size":"auto","background-attachment":"scroll","background-type":"","background-media":"","overlay-type":"","overlay-color":"","overlay-opacity":"","overlay-gradient":""},"mobile":{"background-color":"var(--ast-global-color-5)","background-image":"","background-repeat":"repeat","background-position":"center center","background-size":"auto","background-attachment":"scroll","background-type":"","background-media":"","overlay-type":"","overlay-color":"","overlay-opacity":"","overlay-gradient":""}},"footnotes":""},"class_list":["post-343","page","type-page","status-publish","hentry"],"_links":{"self":[{"href":"https:\/\/hotel-hirsch.gaeste-mappe.de\/en\/wp-json\/wp\/v2\/pages\/343","targetHints":{"allow":["GET"]}}],"collection":[{"href":"https:\/\/hotel-hirsch.gaeste-mappe.de\/en\/wp-json\/wp\/v2\/pages"}],"about":[{"href":"https:\/\/hotel-hirsch.gaeste-mappe.de\/en\/wp-json\/wp\/v2\/types\/page"}],"author":[{"embeddable":true,"href":"https:\/\/hotel-hirsch.gaeste-mappe.de\/en\/wp-json\/wp\/v2\/users\/2"}],"replies":[{"embeddable":true,"href":"https:\/\/hotel-hirsch.gaeste-mappe.de\/en\/wp-json\/wp\/v2\/comments?post=343"}],"version-history":[{"count":102,"href":"https:\/\/hotel-hirsch.gaeste-mappe.de\/en\/wp-json\/wp\/v2\/pages\/343\/revisions"}],"predecessor-version":[{"id":14375,"href":"https:\/\/hotel-hirsch.gaeste-mappe.de\/en\/wp-json\/wp\/v2\/pages\/343\/revisions\/14375"}],"wp:attachment":[{"href":"https:\/\/hotel-hirsch.gaeste-mappe.de\/en\/wp-json\/wp\/v2\/media?parent=343"}],"curies":[{"name":"wp","href":"https:\/\/api.w.org\/{rel}","templated":true}]}}