{"id":12560,"date":"2024-10-27T12:09:06","date_gmt":"2024-10-27T12:09:06","guid":{"rendered":"https:\/\/pfefferundsalz.gaeste-mappe.de\/?page_id=12560"},"modified":"2025-06-09T17:37:44","modified_gmt":"2025-06-09T17:37:44","slug":"kraichgau","status":"publish","type":"page","link":"https:\/\/hotel-hirsch.gaeste-mappe.de\/en\/kraichgau\/","title":{"rendered":"Kraichgau"},"content":{"rendered":"<div data-elementor-type=\"wp-page\" data-elementor-id=\"12560\" class=\"elementor elementor-12560\" data-elementor-post-type=\"page\">\n\t\t\t\t\t\t<section class=\"elementor-section elementor-top-section elementor-element elementor-element-7054bb1e elementor-section-boxed elementor-section-height-default elementor-section-height-default\" data-id=\"7054bb1e\" data-element_type=\"section\" data-e-type=\"section\" data-settings=\"{&quot;background_background&quot;:&quot;classic&quot;}\">\n\t\t\t\t\t\t<div class=\"elementor-container elementor-column-gap-default\">\n\t\t\t\t\t<div class=\"elementor-column elementor-col-100 elementor-top-column elementor-element elementor-element-3e2a5492\" data-id=\"3e2a5492\" data-element_type=\"column\" data-e-type=\"column\">\n\t\t\t<div class=\"elementor-widget-wrap elementor-element-populated\">\n\t\t\t\t\t\t<div class=\"elementor-element elementor-element-7b3eaa0d kopf elementor-icon-list--layout-traditional elementor-list-item-link-full_width elementor-widget elementor-widget-icon-list\" data-id=\"7b3eaa0d\" data-element_type=\"widget\" data-e-type=\"widget\" data-widget_type=\"icon-list.default\">\n\t\t\t\t<div class=\"elementor-widget-container\">\n\t\t\t\t\t\t\t<ul class=\"elementor-icon-list-items\">\n\t\t\t\t\t\t\t<li class=\"elementor-icon-list-item\">\n\t\t\t\t\t\t\t\t\t\t\t<span class=\"elementor-icon-list-icon\">\n\t\t\t\t\t\t\t<svg xmlns=\"http:\/\/www.w3.org\/2000\/svg\" height=\"512\" viewbox=\"0 0 300 300\" width=\"512\"><g id=\"Artwork\"><path d=\"m205.471 253.447c-32.372-2.708-56.443-6.765-82.278-18.242v-27.816c18.918-2.281 30.19-21.458 34.749-39.9 6.184-25-2.9-31.786-8.913-36.276-3.659-2.733-4.681-3.663-3.934-6.867 3.593-15.407 1.1-35.341-17.741-40.814a27.414 27.414 0 0 0 -15.323 0c-18.842 5.473-21.333 25.407-17.74 40.814a5.053 5.053 0 0 1 .03 2.905c11.35 17.986 10.855 41.163-7.094 56.227 4.844 9.738 11.879 18.355 21.966 22.175v-44.828a3.5 3.5 0 0 1 7 0v71.109c-27.357-13.409-34.515-23.745-58.819-29.295v-14.218c18.169-1.4 36.383-14.364 37.406-33.23.821-15.124-6.041-24.183-11.051-30.8-4.6-6.073-6.544-8.938-4.453-13.217 4.769-9.755 11.814-36.6 1.682-52.832-5.385-8.626-14.5-13-27.084-13s-21.7 4.374-27.083 13c-10.132 16.23-3.087 43.077 1.682 52.832 2.091 4.279.146 7.144-4.453 13.217-5.01 6.615-11.872 15.674-11.052 30.8.9 16.6 15.214 28.521 30.406 32.133v-91.307a3.5 3.5 0 0 1 7 0v105.325c-24.067-3.422-40.921 4.778-41.945 5.292a3.5 3.5 0 0 0 -1.929 3.128v73.238a10.512 10.512 0 0 0 10.5 10.5h271.835a3.5 3.5 0 0 0 2.5-5.954c-14.014-14.253-58.147-31.78-85.864-34.099z\"><\/path><path d=\"m292.29 137.445c-1.3-1.14-1.19-1.514-21.5.4v-20.95a23.815 23.815 0 0 0 20.28-23.52v-26.896a23.78 23.78 0 1 0 -47.56 0v26.893a23.815 23.815 0 0 0 20.28 23.52v21.821c-17.588 2.726-34.408 7.819-50.068 16.124v-19.173a23.816 23.816 0 0 0 20.278-23.52v-26.894a23.781 23.781 0 0 0 -47.561 0v26.894a23.816 23.816 0 0 0 20.281 23.52v23.159a127.882 127.882 0 0 0 -29.7 24.7c-15.41 17.515-32.178 34.829-51.207 45.16 16.907 7.52 33.061 11.764 51.424 14.547a101.977 101.977 0 0 0 29.032-16.812c14.78-12.359 26.807-42.69 87.228-42.186v-44.132a3.561 3.561 0 0 0 -1.207-2.655z\"><\/path><path d=\"m190.59 244.973c4.956.555 10.085 1.048 15.465 1.5 27.887 2.333 70.052 18.74 87.445 33.565v-88.8c-13.536-.118-32.778 2.556-43.517 7.417-29.256 13.236-25.806 29.345-59.393 46.318z\"><\/path><path d=\"m108.17 51.06h30.152a17.459 17.459 0 1 0 -9.994-31.775 22.281 22.281 0 1 0 -20.158 31.775z\"><\/path><\/g><\/svg>\t\t\t\t\t\t<\/span>\n\t\t\t\t\t\t\t\t\t\t<span class=\"elementor-icon-list-text\">Kraichgau<\/span>\n\t\t\t\t\t\t\t\t\t<\/li>\n\t\t\t\t\t\t<\/ul>\n\t\t\t\t\t\t<\/div>\n\t\t\t\t<\/div>\n\t\t\t\t\t<\/div>\n\t\t<\/div>\n\t\t\t\t\t<\/div>\n\t\t<\/section>\n\t\t\t\t<section class=\"elementor-section elementor-top-section elementor-element elementor-element-a162482 elementor-section-boxed elementor-section-height-default elementor-section-height-default\" data-id=\"a162482\" data-element_type=\"section\" data-e-type=\"section\">\n\t\t\t\t\t\t<div class=\"elementor-container elementor-column-gap-default\">\n\t\t\t\t\t<div class=\"elementor-column elementor-col-100 elementor-top-column elementor-element elementor-element-b6b01ba\" data-id=\"b6b01ba\" data-element_type=\"column\" data-e-type=\"column\">\n\t\t\t<div class=\"elementor-widget-wrap elementor-element-populated\">\n\t\t\t\t\t\t<div class=\"elementor-element elementor-element-4fb004d elementor-widget elementor-widget-gallery\" data-id=\"4fb004d\" data-element_type=\"widget\" data-e-type=\"widget\" data-settings=\"{&quot;columns_tablet&quot;:4,&quot;columns_mobile&quot;:2,&quot;gap&quot;:{&quot;unit&quot;:&quot;px&quot;,&quot;size&quot;:5,&quot;sizes&quot;:[]},&quot;gallery_layout&quot;:&quot;grid&quot;,&quot;columns&quot;:4,&quot;gap_tablet&quot;:{&quot;unit&quot;:&quot;px&quot;,&quot;size&quot;:10,&quot;sizes&quot;:[]},&quot;gap_mobile&quot;:{&quot;unit&quot;:&quot;px&quot;,&quot;size&quot;:10,&quot;sizes&quot;:[]},&quot;link_to&quot;:&quot;file&quot;,&quot;aspect_ratio&quot;:&quot;3:2&quot;,&quot;overlay_background&quot;:&quot;yes&quot;,&quot;content_hover_animation&quot;:&quot;fade-in&quot;}\" data-widget_type=\"gallery.default\">\n\t\t\t\t<div class=\"elementor-widget-container\">\n\t\t\t\t\t\t\t<div class=\"elementor-gallery__container\">\n\t\t\t\t\t\t\t<a class=\"e-gallery-item elementor-gallery-item elementor-animated-content\" href=\"https:\/\/hotel-hirsch.gaeste-mappe.de\/wp-content\/uploads\/2025\/06\/wein.jpg\" data-elementor-open-lightbox=\"yes\" data-elementor-lightbox-slideshow=\"4fb004d\" data-elementor-lightbox-title=\"wein\" data-e-action-hash=\"#elementor-action%3Aaction%3Dlightbox%26settings%3DeyJpZCI6MTQxOTksInVybCI6Imh0dHBzOlwvXC9ob3RlbC1oaXJzY2guZ2Flc3RlLW1hcHBlLmRlXC93cC1jb250ZW50XC91cGxvYWRzXC8yMDI1XC8wNlwvd2Vpbi5qcGciLCJzbGlkZXNob3ciOiI0ZmIwMDRkIn0%3D\">\n\t\t\t\t\t<div class=\"e-gallery-image elementor-gallery-item__image\" data-thumbnail=\"https:\/\/hotel-hirsch.gaeste-mappe.de\/wp-content\/uploads\/2025\/06\/wein-300x200.jpg\" data-width=\"300\" data-height=\"200\" aria-label=\"\" role=\"img\" ><\/div>\n\t\t\t\t\t\t\t\t\t\t\t<div class=\"elementor-gallery-item__overlay\"><\/div>\n\t\t\t\t\t\t\t\t\t\t\t\t\t\t<\/a>\n\t\t\t\t\t\t\t<a class=\"e-gallery-item elementor-gallery-item elementor-animated-content\" href=\"https:\/\/hotel-hirsch.gaeste-mappe.de\/wp-content\/uploads\/2025\/06\/Sommer_Maulbronn.jpg\" data-elementor-open-lightbox=\"yes\" data-elementor-lightbox-slideshow=\"4fb004d\" data-elementor-lightbox-title=\"Sommer_Maulbronn\" data-e-action-hash=\"#elementor-action%3Aaction%3Dlightbox%26settings%3DeyJpZCI6MTQxOTUsInVybCI6Imh0dHBzOlwvXC9ob3RlbC1oaXJzY2guZ2Flc3RlLW1hcHBlLmRlXC93cC1jb250ZW50XC91cGxvYWRzXC8yMDI1XC8wNlwvU29tbWVyX01hdWxicm9ubi5qcGciLCJzbGlkZXNob3ciOiI0ZmIwMDRkIn0%3D\">\n\t\t\t\t\t<div class=\"e-gallery-image elementor-gallery-item__image\" data-thumbnail=\"https:\/\/hotel-hirsch.gaeste-mappe.de\/wp-content\/uploads\/2025\/06\/Sommer_Maulbronn-300x200.jpg\" data-width=\"300\" data-height=\"200\" aria-label=\"\" role=\"img\" ><\/div>\n\t\t\t\t\t\t\t\t\t\t\t<div class=\"elementor-gallery-item__overlay\"><\/div>\n\t\t\t\t\t\t\t\t\t\t\t\t\t\t<\/a>\n\t\t\t\t\t\t\t<a class=\"e-gallery-item elementor-gallery-item elementor-animated-content\" href=\"https:\/\/hotel-hirsch.gaeste-mappe.de\/wp-content\/uploads\/2025\/06\/Sternfels.jpg\" data-elementor-open-lightbox=\"yes\" data-elementor-lightbox-slideshow=\"4fb004d\" data-elementor-lightbox-title=\"Sternfels\" data-e-action-hash=\"#elementor-action%3Aaction%3Dlightbox%26settings%3DeyJpZCI6MTQxOTYsInVybCI6Imh0dHBzOlwvXC9ob3RlbC1oaXJzY2guZ2Flc3RlLW1hcHBlLmRlXC93cC1jb250ZW50XC91cGxvYWRzXC8yMDI1XC8wNlwvU3Rlcm5mZWxzLmpwZyIsInNsaWRlc2hvdyI6IjRmYjAwNGQifQ%3D%3D\">\n\t\t\t\t\t<div class=\"e-gallery-image elementor-gallery-item__image\" data-thumbnail=\"https:\/\/hotel-hirsch.gaeste-mappe.de\/wp-content\/uploads\/2025\/06\/Sternfels-300x200.jpg\" data-width=\"300\" data-height=\"200\" aria-label=\"\" role=\"img\" ><\/div>\n\t\t\t\t\t\t\t\t\t\t\t<div class=\"elementor-gallery-item__overlay\"><\/div>\n\t\t\t\t\t\t\t\t\t\t\t\t\t\t<\/a>\n\t\t\t\t\t\t\t<a class=\"e-gallery-item elementor-gallery-item elementor-animated-content\" href=\"https:\/\/hotel-hirsch.gaeste-mappe.de\/wp-content\/uploads\/2025\/06\/weinberg-bank.jpg\" data-elementor-open-lightbox=\"yes\" data-elementor-lightbox-slideshow=\"4fb004d\" data-elementor-lightbox-title=\"weinberg-bank\" data-e-action-hash=\"#elementor-action%3Aaction%3Dlightbox%26settings%3DeyJpZCI6MTQyMDAsInVybCI6Imh0dHBzOlwvXC9ob3RlbC1oaXJzY2guZ2Flc3RlLW1hcHBlLmRlXC93cC1jb250ZW50XC91cGxvYWRzXC8yMDI1XC8wNlwvd2VpbmJlcmctYmFuay5qcGciLCJzbGlkZXNob3ciOiI0ZmIwMDRkIn0%3D\">\n\t\t\t\t\t<div class=\"e-gallery-image elementor-gallery-item__image\" data-thumbnail=\"https:\/\/hotel-hirsch.gaeste-mappe.de\/wp-content\/uploads\/2025\/06\/weinberg-bank-300x200.jpg\" data-width=\"300\" data-height=\"200\" aria-label=\"\" role=\"img\" ><\/div>\n\t\t\t\t\t\t\t\t\t\t\t<div class=\"elementor-gallery-item__overlay\"><\/div>\n\t\t\t\t\t\t\t\t\t\t\t\t\t\t<\/a>\n\t\t\t\t\t\t\t<a class=\"e-gallery-item elementor-gallery-item elementor-animated-content\" href=\"https:\/\/hotel-hirsch.gaeste-mappe.de\/wp-content\/uploads\/2025\/06\/wandern.jpg\" data-elementor-open-lightbox=\"yes\" data-elementor-lightbox-slideshow=\"4fb004d\" data-elementor-lightbox-title=\"wandern\" data-e-action-hash=\"#elementor-action%3Aaction%3Dlightbox%26settings%3DeyJpZCI6MTQxOTgsInVybCI6Imh0dHBzOlwvXC9ob3RlbC1oaXJzY2guZ2Flc3RlLW1hcHBlLmRlXC93cC1jb250ZW50XC91cGxvYWRzXC8yMDI1XC8wNlwvd2FuZGVybi5qcGciLCJzbGlkZXNob3ciOiI0ZmIwMDRkIn0%3D\">\n\t\t\t\t\t<div class=\"e-gallery-image elementor-gallery-item__image\" data-thumbnail=\"https:\/\/hotel-hirsch.gaeste-mappe.de\/wp-content\/uploads\/2025\/06\/wandern-300x200.jpg\" data-width=\"300\" data-height=\"200\" aria-label=\"\" role=\"img\" ><\/div>\n\t\t\t\t\t\t\t\t\t\t\t<div class=\"elementor-gallery-item__overlay\"><\/div>\n\t\t\t\t\t\t\t\t\t\t\t\t\t\t<\/a>\n\t\t\t\t\t\t\t<a class=\"e-gallery-item elementor-gallery-item elementor-animated-content\" href=\"https:\/\/hotel-hirsch.gaeste-mappe.de\/wp-content\/uploads\/2025\/06\/baden.jpg\" data-elementor-open-lightbox=\"yes\" data-elementor-lightbox-slideshow=\"4fb004d\" data-elementor-lightbox-title=\"baden\" data-e-action-hash=\"#elementor-action%3Aaction%3Dlightbox%26settings%3DeyJpZCI6MTQxOTMsInVybCI6Imh0dHBzOlwvXC9ob3RlbC1oaXJzY2guZ2Flc3RlLW1hcHBlLmRlXC93cC1jb250ZW50XC91cGxvYWRzXC8yMDI1XC8wNlwvYmFkZW4uanBnIiwic2xpZGVzaG93IjoiNGZiMDA0ZCJ9\">\n\t\t\t\t\t<div class=\"e-gallery-image elementor-gallery-item__image\" data-thumbnail=\"https:\/\/hotel-hirsch.gaeste-mappe.de\/wp-content\/uploads\/2025\/06\/baden-300x200.jpg\" data-width=\"300\" data-height=\"200\" aria-label=\"\" role=\"img\" ><\/div>\n\t\t\t\t\t\t\t\t\t\t\t<div class=\"elementor-gallery-item__overlay\"><\/div>\n\t\t\t\t\t\t\t\t\t\t\t\t\t\t<\/a>\n\t\t\t\t\t\t\t<a class=\"e-gallery-item elementor-gallery-item elementor-animated-content\" href=\"https:\/\/hotel-hirsch.gaeste-mappe.de\/wp-content\/uploads\/2025\/06\/Sulzfeld_Radfahren.jpg\" data-elementor-open-lightbox=\"yes\" data-elementor-lightbox-slideshow=\"4fb004d\" data-elementor-lightbox-title=\"Sulzfeld_Radfahren\" data-e-action-hash=\"#elementor-action%3Aaction%3Dlightbox%26settings%3DeyJpZCI6MTQxOTcsInVybCI6Imh0dHBzOlwvXC9ob3RlbC1oaXJzY2guZ2Flc3RlLW1hcHBlLmRlXC93cC1jb250ZW50XC91cGxvYWRzXC8yMDI1XC8wNlwvU3VsemZlbGRfUmFkZmFocmVuLmpwZyIsInNsaWRlc2hvdyI6IjRmYjAwNGQifQ%3D%3D\">\n\t\t\t\t\t<div class=\"e-gallery-image elementor-gallery-item__image\" data-thumbnail=\"https:\/\/hotel-hirsch.gaeste-mappe.de\/wp-content\/uploads\/2025\/06\/Sulzfeld_Radfahren-300x200.jpg\" data-width=\"300\" data-height=\"200\" aria-label=\"\" role=\"img\" ><\/div>\n\t\t\t\t\t\t\t\t\t\t\t<div class=\"elementor-gallery-item__overlay\"><\/div>\n\t\t\t\t\t\t\t\t\t\t\t\t\t\t<\/a>\n\t\t\t\t\t\t\t<a class=\"e-gallery-item elementor-gallery-item elementor-animated-content\" href=\"https:\/\/hotel-hirsch.gaeste-mappe.de\/wp-content\/uploads\/2025\/06\/maultaschen.jpg\" data-elementor-open-lightbox=\"yes\" data-elementor-lightbox-slideshow=\"4fb004d\" data-elementor-lightbox-title=\"maultaschen\" data-e-action-hash=\"#elementor-action%3Aaction%3Dlightbox%26settings%3DeyJpZCI6MTQxOTQsInVybCI6Imh0dHBzOlwvXC9ob3RlbC1oaXJzY2guZ2Flc3RlLW1hcHBlLmRlXC93cC1jb250ZW50XC91cGxvYWRzXC8yMDI1XC8wNlwvbWF1bHRhc2NoZW4uanBnIiwic2xpZGVzaG93IjoiNGZiMDA0ZCJ9\">\n\t\t\t\t\t<div class=\"e-gallery-image elementor-gallery-item__image\" data-thumbnail=\"https:\/\/hotel-hirsch.gaeste-mappe.de\/wp-content\/uploads\/2025\/06\/maultaschen-300x200.jpg\" data-width=\"300\" data-height=\"200\" aria-label=\"\" role=\"img\" ><\/div>\n\t\t\t\t\t\t\t\t\t\t\t<div class=\"elementor-gallery-item__overlay\"><\/div>\n\t\t\t\t\t\t\t\t\t\t\t\t\t\t<\/a>\n\t\t\t\t\t<\/div>\n\t\t\t\t\t<\/div>\n\t\t\t\t<\/div>\n\t\t\t\t<div class=\"elementor-element elementor-element-6eb1a94 elementor-widget elementor-widget-text-editor\" data-id=\"6eb1a94\" data-element_type=\"widget\" data-e-type=\"widget\" data-widget_type=\"text-editor.default\">\n\t\t\t\t<div class=\"elementor-widget-container\">\n\t\t\t\t\t\t\t\t\t<p>All pictures: Kraichgau-Stromberg Tourismus e.V. | Christian Ernst<\/p>\t\t\t\t\t\t\t\t<\/div>\n\t\t\t\t<\/div>\n\t\t\t\t\t<\/div>\n\t\t<\/div>\n\t\t\t\t\t<\/div>\n\t\t<\/section>\n\t\t\t\t<section class=\"elementor-section elementor-top-section elementor-element elementor-element-380655c8 elementor-section-boxed elementor-section-height-default elementor-section-height-default\" data-id=\"380655c8\" data-element_type=\"section\" data-e-type=\"section\">\n\t\t\t\t\t\t<div class=\"elementor-container elementor-column-gap-default\">\n\t\t\t\t\t<div class=\"elementor-column elementor-col-100 elementor-top-column elementor-element elementor-element-1fc01cb6\" data-id=\"1fc01cb6\" data-element_type=\"column\" data-e-type=\"column\">\n\t\t\t<div class=\"elementor-widget-wrap elementor-element-populated\">\n\t\t\t\t\t\t<div class=\"elementor-element elementor-element-6339cb87 elementor-widget elementor-widget-text-editor\" data-id=\"6339cb87\" data-element_type=\"widget\" data-e-type=\"widget\" data-widget_type=\"text-editor.default\">\n\t\t\t\t<div class=\"elementor-widget-container\">\n\t\t\t\t\t\t\t\t\t<h4 data-start=\"180\" data-end=\"232\"><span style=\"color: #595757;\">Welcome to the land of 1000 hills - The Kraichgau<\/span><\/h4><p data-start=\"234\" data-end=\"647\">Rolling hills, vast vineyards, picturesque half-timbered towns and culinary delights: The Kraichgau is one of the most charming landscapes in southern Germany and invites you to linger and explore. Situated between the Odenwald, Black Forest and Neckar Valley, the region is known as the \"Tuscany of Baden\" - not only because of its mild climate and fertile soil, but also because of its warm hospitality.<\/p><h4 data-start=\"649\" data-end=\"676\"><span style=\"color: #595757;\">Nature enjoyment and relaxation<\/span><\/h4><p data-start=\"678\" data-end=\"1127\">The varied landscape of the Kraichgau offers numerous opportunities to experience nature up close. Whether on a hike through blossoming orchards, a bike tour along idyllic wine routes or a relaxing walk through historic parks - relaxation is guaranteed here. The numerous vantage points, from which you can see the rolling hills in all their beauty, are particularly popular.<\/p><h4 data-start=\"1129\" data-end=\"1161\"><span style=\"color: #595757;\">Experience culture and history<\/span><\/h4><p data-start=\"1163\" data-end=\"1545\">The Kraichgau region is rich in history and culture. Medieval castles and palaces, lovingly restored old towns and interesting museums tell of an eventful past. In towns such as Eppingen, Bretten and Bad Wimpfen, you can follow in the footsteps of the Staufer dynasty and old craftsmen. The UNESCO World Heritage Site Maulbronn Monastery is also very close by.<\/p><h4 data-start=\"1547\" data-end=\"1571\"><span style=\"color: #595757;\">Region of pleasure with heart<\/span><\/h4><p data-start=\"1573\" data-end=\"2008\">The Kraichgau region has a lot to offer in terms of cuisine. Regional wines, hearty specialities and fine country cuisine are just waiting to be discovered. The variety of regional cuisine can be enjoyed in rustic wine taverns, cosy inns and modern restaurants. Of course, this also includes the exquisite wines of the local winegrowers, who make the most of the mild climate and fertile soils of the region.<\/p><h4 data-start=\"2010\" data-end=\"2028\"><span style=\"color: #595757;\">Active on the road<\/span><\/h4><p data-start=\"2030\" data-end=\"2361\">The Kraichgau offers numerous opportunities for sports enthusiasts: Whether cycling, hiking, golfing or Nordic walking - everyone will find the right activity here. The Kraichgau is also particularly well-known as a venue for triathlon events such as the IRONMAN 70.3 Kraichgau, which attracts many sports enthusiasts to the region every year.<\/p><h4 data-start=\"2363\" data-end=\"2380\"><span style=\"color: #595757;\">Discover more<\/span><\/h4><p data-start=\"2382\" data-end=\"2637\">Fancy even more inspiration and tips about the Kraichgau? You can find extensive information, event information and excursion tips on the region's official website:<\/p>\t\t\t\t\t\t\t\t<\/div>\n\t\t\t\t<\/div>\n\t\t\t\t<div class=\"elementor-element elementor-element-f892ae2 elementor-mobile-align-justify elementor-widget elementor-widget-button\" data-id=\"f892ae2\" data-element_type=\"widget\" data-e-type=\"widget\" data-widget_type=\"button.default\">\n\t\t\t\t<div class=\"elementor-widget-container\">\n\t\t\t\t\t\t\t\t\t<div class=\"elementor-button-wrapper\">\n\t\t\t\t\t<a class=\"elementor-button elementor-button-link elementor-size-sm\" href=\"https:\/\/www.kraichgau-stromberg.de\/\" target=\"_blank\" rel=\"noopener\">\n\t\t\t\t\t\t<span class=\"elementor-button-content-wrapper\">\n\t\t\t\t\t\t\t\t\t<span class=\"elementor-button-text\">www.kraichgau-stromberg.de<\/span>\n\t\t\t\t\t<\/span>\n\t\t\t\t\t<\/a>\n\t\t\t\t<\/div>\n\t\t\t\t\t\t\t\t<\/div>\n\t\t\t\t<\/div>\n\t\t\t\t\t<\/div>\n\t\t<\/div>\n\t\t\t\t\t<\/div>\n\t\t<\/section>\n\t\t\t\t<\/div>","protected":false},"excerpt":{"rendered":"<p>Kraichgau Alle Bilder: Kraichgau-Stromberg Tourismus e.V. | Christian Ernst Willkommen im Land der 1000 H\u00fcgel \u2013 Der Kraichgau Sanfte H\u00fcgel, weite Weinberge, malerische Fachwerkst\u00e4dtchen und kulinarische Gen\u00fcsse: Der Kraichgau ist eine der charmantesten Landschaften S\u00fcddeutschlands und l\u00e4dt zum Verweilen und Entdecken ein. Zwischen Odenwald, Schwarzwald und dem Neckartal gelegen, gilt die Region als &#8222;badische Toskana&#8220; [&hellip;]<\/p>\n","protected":false},"author":2,"featured_media":0,"parent":0,"menu_order":0,"comment_status":"closed","ping_status":"closed","template":"","meta":{"site-sidebar-layout":"no-sidebar","site-content-layout":"page-builder","ast-site-content-layout":"full-width-container","site-content-style":"default","site-sidebar-style":"default","ast-global-header-display":"","ast-banner-title-visibility":"","ast-main-header-display":"","ast-hfb-above-header-display":"","ast-hfb-below-header-display":"","ast-hfb-mobile-header-display":"","site-post-title":"disabled","ast-breadcrumbs-content":"","ast-featured-img":"disabled","footer-sml-layout":"","ast-disable-related-posts":"","theme-transparent-header-meta":"","adv-header-id-meta":"","stick-header-meta":"","header-above-stick-meta":"","header-main-stick-meta":"","header-below-stick-meta":"","astra-migrate-meta-layouts":"set","ast-page-background-enabled":"default","ast-page-background-meta":{"desktop":{"background-color":"var(--ast-global-color-4)","background-image":"","background-repeat":"repeat","background-position":"center center","background-size":"auto","background-attachment":"scroll","background-type":"","background-media":"","overlay-type":"","overlay-color":"","overlay-opacity":"","overlay-gradient":""},"tablet":{"background-color":"","background-image":"","background-repeat":"repeat","background-position":"center center","background-size":"auto","background-attachment":"scroll","background-type":"","background-media":"","overlay-type":"","overlay-color":"","overlay-opacity":"","overlay-gradient":""},"mobile":{"background-color":"","background-image":"","background-repeat":"repeat","background-position":"center center","background-size":"auto","background-attachment":"scroll","background-type":"","background-media":"","overlay-type":"","overlay-color":"","overlay-opacity":"","overlay-gradient":""}},"ast-content-background-meta":{"desktop":{"background-color":"var(--ast-global-color-5)","background-image":"","background-repeat":"repeat","background-position":"center center","background-size":"auto","background-attachment":"scroll","background-type":"","background-media":"","overlay-type":"","overlay-color":"","overlay-opacity":"","overlay-gradient":""},"tablet":{"background-color":"var(--ast-global-color-5)","background-image":"","background-repeat":"repeat","background-position":"center center","background-size":"auto","background-attachment":"scroll","background-type":"","background-media":"","overlay-type":"","overlay-color":"","overlay-opacity":"","overlay-gradient":""},"mobile":{"background-color":"var(--ast-global-color-5)","background-image":"","background-repeat":"repeat","background-position":"center center","background-size":"auto","background-attachment":"scroll","background-type":"","background-media":"","overlay-type":"","overlay-color":"","overlay-opacity":"","overlay-gradient":""}},"footnotes":""},"class_list":["post-12560","page","type-page","status-publish","hentry"],"_links":{"self":[{"href":"https:\/\/hotel-hirsch.gaeste-mappe.de\/en\/wp-json\/wp\/v2\/pages\/12560","targetHints":{"allow":["GET"]}}],"collection":[{"href":"https:\/\/hotel-hirsch.gaeste-mappe.de\/en\/wp-json\/wp\/v2\/pages"}],"about":[{"href":"https:\/\/hotel-hirsch.gaeste-mappe.de\/en\/wp-json\/wp\/v2\/types\/page"}],"author":[{"embeddable":true,"href":"https:\/\/hotel-hirsch.gaeste-mappe.de\/en\/wp-json\/wp\/v2\/users\/2"}],"replies":[{"embeddable":true,"href":"https:\/\/hotel-hirsch.gaeste-mappe.de\/en\/wp-json\/wp\/v2\/comments?post=12560"}],"version-history":[{"count":30,"href":"https:\/\/hotel-hirsch.gaeste-mappe.de\/en\/wp-json\/wp\/v2\/pages\/12560\/revisions"}],"predecessor-version":[{"id":14204,"href":"https:\/\/hotel-hirsch.gaeste-mappe.de\/en\/wp-json\/wp\/v2\/pages\/12560\/revisions\/14204"}],"wp:attachment":[{"href":"https:\/\/hotel-hirsch.gaeste-mappe.de\/en\/wp-json\/wp\/v2\/media?parent=12560"}],"curies":[{"name":"wp","href":"https:\/\/api.w.org\/{rel}","templated":true}]}}